{"id":454,"date":"2022-01-13T10:56:29","date_gmt":"2022-01-13T13:56:29","guid":{"rendered":"https:\/\/pestalozzidemaceio.org.br\/web\/?page_id=454"},"modified":"2023-03-06T12:22:20","modified_gmt":"2023-03-06T15:22:20","slug":"pestalozzi","status":"publish","type":"page","link":"https:\/\/pestalozzidemaceio.org.br\/web\/","title":{"rendered":"Pestalozzi"},"content":{"rendered":"\n<figure class=\"wp-block-image size-full\"><img loading=\"lazy\" decoding=\"async\" width=\"850\" height=\"354\" src=\"https:\/\/pestalozzidemaceio.org.br\/web\/wp-content\/uploads\/2023\/03\/FUNDO-DE-TELA-46-PESTALOZZI.png\" alt=\"\" class=\"wp-image-805\" srcset=\"https:\/\/pestalozzidemaceio.org.br\/web\/wp-content\/uploads\/2023\/03\/FUNDO-DE-TELA-46-PESTALOZZI.png 850w, https:\/\/pestalozzidemaceio.org.br\/web\/wp-content\/uploads\/2023\/03\/FUNDO-DE-TELA-46-PESTALOZZI-300x125.png 300w, https:\/\/pestalozzidemaceio.org.br\/web\/wp-content\/uploads\/2023\/03\/FUNDO-DE-TELA-46-PESTALOZZI-768x320.png 768w\" sizes=\"auto, (max-width: 850px) 100vw, 850px\" \/><\/figure>\n\n\n\n<hr class=\"wp-block-separator has-css-opacity\"\/>\n\n\n\n<p class=\"has-medium-font-size\">A Associa\u00e7\u00e3o Pestalozzi de Macei\u00f3 \u00e9 uma organiza\u00e7\u00e3o privada da sociedade civil, vinculada ao terceiro setor e sem fins lucrativos. \u00c9 a maior institui\u00e7\u00e3o de atendimento \u00e0s pessoas com defici\u00eancia do Nordeste, sendo a \u00fanica no Estado de Alagoas habilitada pelo Minist\u00e9rio da Sa\u00fade como Centro Especializado em Reabilita\u00e7\u00e3o &#8211; CER IV, Oficina Ortop\u00e9dica F\u00edsica Tipo III e Ambulat\u00f3rio de M\u00e9dia e Alta Complexidade.<\/p>\n\n\n\n<hr class=\"wp-block-separator has-css-opacity\"\/>\n\n\n<div class=\"wp-block-image\">\n<figure class=\"aligncenter size-large is-resized\"><img decoding=\"async\" src=\"https:\/\/pestalozzidemaceio.org.br\/web\/wp-content\/uploads\/2022\/01\/VALORES-1-1024x213.png\" alt=\"\" class=\"wp-image-536\" width=\"1200\" srcset=\"https:\/\/pestalozzidemaceio.org.br\/web\/wp-content\/uploads\/2022\/01\/VALORES-1-1024x213.png 1024w, https:\/\/pestalozzidemaceio.org.br\/web\/wp-content\/uploads\/2022\/01\/VALORES-1-300x63.png 300w, https:\/\/pestalozzidemaceio.org.br\/web\/wp-content\/uploads\/2022\/01\/VALORES-1-768x160.png 768w, https:\/\/pestalozzidemaceio.org.br\/web\/wp-content\/uploads\/2022\/01\/VALORES-1.png 1200w\" sizes=\"(max-width: 1024px) 100vw, 1024px\" \/><\/figure>\n<\/div>\n\n\n<div class=\"wp-block-columns is-layout-flex wp-container-core-columns-is-layout-9d6595d7 wp-block-columns-is-layout-flex\">\n<div class=\"wp-block-column is-vertically-aligned-center is-layout-flow wp-block-column-is-layout-flow\">\n<p class=\"has-text-align-center\" style=\"font-size:16px\">Prestar servi\u00e7os com excel\u00eancia em educa\u00e7\u00e3o, sa\u00fade, transporte, assist\u00eancia social, esporte, cultura e lazer, contribuindo para a inclus\u00e3o das pessoas com defici\u00eancia intelectual, f\u00edsica, auditiva visual e m\u00faltipla, suas fam\u00edlias e a comunidade em geral.<\/p>\n<\/div>\n\n\n\n<div class=\"wp-block-column is-vertically-aligned-center is-layout-flow wp-block-column-is-layout-flow\">\n<p class=\"has-text-align-center\" style=\"font-size:16px\">Ser reconhecida como refer\u00eancia nacional na implementa\u00e7\u00e3o de a\u00e7\u00f5es que contemplam a inclus\u00e3o de pessoas com defici\u00eancia e a universaliza\u00e7\u00e3o dos Direitos Humanos.<\/p>\n<\/div>\n\n\n\n<div class=\"wp-block-column is-vertically-aligned-center is-layout-flow wp-block-column-is-layout-flow\">\n<div class=\"wp-block-group\"><div class=\"wp-block-group__inner-container is-layout-flow wp-block-group-is-layout-flow\">\n<p class=\"has-text-align-center\" style=\"font-size:16px\">Compromisso com a educa\u00e7\u00e3o, assist\u00eancia social, \u00e9tica, transpar\u00eancia, excel\u00eancia na gest\u00e3o, acessibilidade, inclus\u00e3o social, cidadania, controle social, responsabilidade ambiental, inova\u00e7\u00e3o e empreendedorismo. <\/p>\n<\/div><\/div>\n<\/div>\n<\/div>\n\n\n\n<hr class=\"wp-block-separator has-css-opacity\"\/>\n\n\n\n<figure class=\"wp-block-image size-large is-resized\"><img decoding=\"async\" src=\"https:\/\/pestalozzidemaceio.org.br\/web\/wp-content\/uploads\/2022\/01\/O-QUE-FAZEMOS-1024x196.png\" alt=\"\" class=\"wp-image-544\" width=\"1200\" srcset=\"https:\/\/pestalozzidemaceio.org.br\/web\/wp-content\/uploads\/2022\/01\/O-QUE-FAZEMOS-1024x196.png 1024w, https:\/\/pestalozzidemaceio.org.br\/web\/wp-content\/uploads\/2022\/01\/O-QUE-FAZEMOS-300x58.png 300w, https:\/\/pestalozzidemaceio.org.br\/web\/wp-content\/uploads\/2022\/01\/O-QUE-FAZEMOS-768x147.png 768w, https:\/\/pestalozzidemaceio.org.br\/web\/wp-content\/uploads\/2022\/01\/O-QUE-FAZEMOS.png 1200w\" sizes=\"(max-width: 1024px) 100vw, 1024px\" \/><\/figure>\n\n\n\n<p class=\"has-medium-font-size\">Esta institui\u00e7\u00e3o, prioritariamente, presta atendimentos \u00e0s pessoas com defici\u00eancia e transtorno do espectro autista e suas fam\u00edlias, e \u00e0 pessoa idosa, podendo beneficiar a comunidade em geral em vagas remanescentes. Tem como miss\u00e3o oferecer servi\u00e7os com qualidade nas \u00e1reas de assist\u00eancia social, educa\u00e7\u00e3o, sa\u00fade, gera\u00e7\u00e3o de emprego e renda, cultura, esporte e lazer, objetivando a inclus\u00e3o deste p\u00fablico na sociedade, a fim de promover o protagonismo e exerc\u00edcio da cidadania.<\/p>\n\n\n\n<h1 class=\"has-large-font-size wp-block-heading\" id=\"servicos-ofertados\">Servi\u00e7os ofertados<\/h1>\n\n\n\n<p class=\"has-medium-font-size\">Educa\u00e7\u00e3o profissional &#8211; que prepara e inclui pessoas (com e sem defici\u00eancia) no mercado de trabalho;<br>Educa\u00e7\u00e3o de jovens adultos e idosos (EJAI); <br>Atendimento educacional especializado (AEE); <br>Acolhimento de pessoas com defici\u00eancia na Resid\u00eancia Inclusiva e Centro-Dia; <br>Terapias complementares; <br>Ambulat\u00f3rio cl\u00ednico;<br>Reabilita\u00e7\u00e3o f\u00edsica; <br>Reabilita\u00e7\u00e3o intelectual; <br>Reabilita\u00e7\u00e3o auditiva; <br>Reabilita\u00e7\u00e3o visual; <br>Equoterapia; <br>Musicoterapia; <br>Fisioterapia aqu\u00e1tica.<\/p>\n\n\n\n<figure class=\"wp-block-image size-large is-resized\"><img decoding=\"async\" src=\"https:\/\/pestalozzidemaceio.org.br\/web\/wp-content\/uploads\/2022\/01\/DADOS-1-1024x225.png\" alt=\"\" class=\"wp-image-632\" width=\"1200\" srcset=\"https:\/\/pestalozzidemaceio.org.br\/web\/wp-content\/uploads\/2022\/01\/DADOS-1-1024x225.png 1024w, https:\/\/pestalozzidemaceio.org.br\/web\/wp-content\/uploads\/2022\/01\/DADOS-1-300x66.png 300w, https:\/\/pestalozzidemaceio.org.br\/web\/wp-content\/uploads\/2022\/01\/DADOS-1-768x169.png 768w, https:\/\/pestalozzidemaceio.org.br\/web\/wp-content\/uploads\/2022\/01\/DADOS-1.png 1200w\" sizes=\"(max-width: 1024px) 100vw, 1024px\" \/><\/figure>\n\n\n\n<div class=\"wp-block-group\"><div class=\"wp-block-group__inner-container is-layout-flow wp-block-group-is-layout-flow\">\n<div class=\"wp-block-columns is-layout-flex wp-container-core-columns-is-layout-9d6595d7 wp-block-columns-is-layout-flex\">\n<div class=\"wp-block-column is-layout-flow wp-block-column-is-layout-flow\">\n<h2 class=\"has-text-align-center has-vivid-red-color has-text-color has-x-large-font-size wp-block-heading\" id=\"07\">07<\/h2>\n\n\n\n<p class=\"has-text-align-center\" style=\"font-size:16px\">Unidades de Sa\u00fade;<\/p>\n<\/div>\n\n\n\n<div class=\"wp-block-column is-layout-flow wp-block-column-is-layout-flow\">\n<h2 class=\"has-text-align-center has-vivid-red-color has-text-color has-x-large-font-size wp-block-heading\" id=\"01-2\">01<\/h2>\n\n\n\n<p class=\"has-text-align-center\" style=\"font-size:16px\">Unidade Administrativa;<\/p>\n<\/div>\n\n\n\n<div class=\"wp-block-column is-layout-flow wp-block-column-is-layout-flow\">\n<h2 class=\"has-text-align-center has-vivid-red-color has-text-color has-x-large-font-size wp-block-heading\" id=\"02\">02<\/h2>\n\n\n\n<p class=\"has-text-align-center\" style=\"font-size:16px\">Unidades de Educa\u00e7\u00e3o;<\/p>\n<\/div>\n\n\n\n<div class=\"wp-block-column is-layout-flow wp-block-column-is-layout-flow\">\n<h2 class=\"has-text-align-center has-vivid-red-color has-text-color has-x-large-font-size wp-block-heading\" id=\"03\">02<\/h2>\n\n\n\n<p class=\"has-text-align-center\" style=\"font-size:16px\">Unidades de Assist\u00eancia Social;<\/p>\n<\/div>\n\n\n\n<div class=\"wp-block-column is-layout-flow wp-block-column-is-layout-flow\">\n<h2 class=\"has-text-align-center has-vivid-red-color has-text-color has-x-large-font-size wp-block-heading\"><strong>12<\/strong><\/h2>\n\n\n\n<p class=\"has-text-align-center\" style=\"font-size:16px\">Servi\u00e7os de Assist\u00eancia Social no \u00e2mbito da Prote\u00e7\u00e3o Social B\u00e1sica, de M\u00e9dia e Alta Complexidade.<\/p>\n<\/div>\n\n\n\n<div class=\"wp-block-column is-layout-flow wp-block-column-is-layout-flow\">\n<h2 class=\"has-text-align-center has-vivid-red-color has-text-color has-x-large-font-size wp-block-heading\" id=\"01-1\">01<\/h2>\n\n\n\n<p class=\"has-text-align-center\" style=\"font-size:16px\">Servi\u00e7o de \u00d3rteses, Pr\u00f3teses e Meios de Locomo\u00e7\u00e3o;<\/p>\n<\/div>\n<\/div>\n<\/div><\/div>\n\n\n\n<hr class=\"wp-block-separator has-css-opacity\"\/>\n\n\n\n<div class=\"wp-block-group\"><div class=\"wp-block-group__inner-container is-layout-flow wp-block-group-is-layout-flow\">\n<div class=\"wp-block-group\"><div class=\"wp-block-group__inner-container is-layout-flow wp-block-group-is-layout-flow\">\n<div class=\"wp-block-columns is-layout-flex wp-container-core-columns-is-layout-9d6595d7 wp-block-columns-is-layout-flex\">\n<div class=\"wp-block-column is-layout-flow wp-block-column-is-layout-flow\">\n<h1 class=\"has-text-align-center has-vivid-red-color has-text-color has-x-large-font-size wp-block-heading\" id=\"54-000\" style=\"font-style:normal;font-weight:700\">1.500<\/h1>\n\n\n\n<p class=\"has-text-align-center has-medium-font-size\">Quantidade m\u00e9dia de pacientes atendidos por m\u00eas na reabilita\u00e7\u00e3o f\u00edsica, intelectual, auditiva e visual;<\/p>\n<\/div>\n\n\n\n<div class=\"wp-block-column is-layout-flow wp-block-column-is-layout-flow\">\n<h1 class=\"has-text-align-center has-vivid-red-color has-text-color has-x-large-font-size wp-block-heading\" id=\"54-000\" style=\"font-style:normal;font-weight:700\">54.000<\/h1>\n\n\n\n<p class=\"has-text-align-center has-medium-font-size\">M\u00e9dia de pacientes atendidos por ano na Sa\u00fade;<\/p>\n<\/div>\n\n\n\n<div class=\"wp-block-column is-layout-flow wp-block-column-is-layout-flow\">\n<h1 class=\"has-text-align-center has-vivid-red-color has-text-color has-x-large-font-size wp-block-heading\" id=\"2-000\">2.000<\/h1>\n\n\n\n<p class=\"has-text-align-center has-medium-font-size\">Quantidade m\u00e9dia de OPMs entregues por ano;<\/p>\n<\/div>\n<\/div>\n<\/div><\/div>\n<\/div><\/div>\n\n\n\n<div class=\"wp-block-columns is-layout-flex wp-container-core-columns-is-layout-9d6595d7 wp-block-columns-is-layout-flex\">\n<div class=\"wp-block-column is-vertically-aligned-center is-layout-flow wp-block-column-is-layout-flow\"><\/div>\n\n\n\n<div class=\"wp-block-column is-layout-flow wp-block-column-is-layout-flow\"><\/div>\n\n\n\n<div class=\"wp-block-column is-layout-flow wp-block-column-is-layout-flow\"><\/div>\n<\/div>\n\n\n\n<div class=\"wp-block-columns is-layout-flex wp-container-core-columns-is-layout-9d6595d7 wp-block-columns-is-layout-flex\">\n<div class=\"wp-block-column is-layout-flow wp-block-column-is-layout-flow\">\n<h1 class=\"has-text-align-center has-vivid-red-color has-text-color has-x-large-font-size wp-block-heading\" id=\"200\" style=\"font-style:normal;font-weight:700\">200<\/h1>\n\n\n\n<p class=\"has-text-align-center has-medium-font-size\">Quantidade m\u00e9dia de aprendizes inseridos no mercado de trabalho;<\/p>\n<\/div>\n\n\n\n<div class=\"wp-block-column is-layout-flow wp-block-column-is-layout-flow\">\n<h1 class=\"has-text-align-center has-vivid-red-color has-text-color has-x-large-font-size wp-block-heading\" id=\"22-000\" style=\"font-style:normal;font-weight:700\">22.000<\/h1>\n\n\n\n<p class=\"has-text-align-center has-medium-font-size\">Quantidade m\u00e9dia de atendimentos nos programas de Assist\u00eancia Social;<\/p>\n<\/div>\n\n\n\n<div class=\"wp-block-column is-layout-flow wp-block-column-is-layout-flow\">\n<h1 class=\"has-text-align-center has-vivid-red-color has-text-color has-x-large-font-size wp-block-heading\" id=\"300\" style=\"font-style:normal;font-weight:700\">500<\/h1>\n\n\n\n<p class=\"has-text-align-center has-medium-font-size\">Quantidade m\u00e9dia mensal de alunos no EJAI (Educa\u00e7\u00e3o de Jovens Adultos e Idosos) e AEE (Atendimento Educacional Especializado).<\/p>\n<\/div>\n<\/div>\n\n\n\n<p><\/p>\n","protected":false},"excerpt":{"rendered":"<p>A Associa\u00e7\u00e3o Pestalozzi de Macei\u00f3 \u00e9 uma organiza\u00e7\u00e3o privada da sociedade civil, vinculada ao terceiro setor e sem fins lucrativos. \u00c9 a maior institui\u00e7\u00e3o de atendimento \u00e0s pessoas com defici\u00eancia do Nordeste, sendo a \u00fanica no Estado de Alagoas habilitada pelo Minist\u00e9rio da Sa\u00fade como Centro Especializado em Reabilita\u00e7\u00e3o &#8211; CER IV, Oficina Ortop\u00e9dica F\u00edsica [&hellip;]<\/p>\n","protected":false},"author":1,"featured_media":0,"parent":0,"menu_order":0,"comment_status":"closed","ping_status":"closed","template":"","meta":{"footnotes":""},"class_list":["post-454","page","type-page","status-publish","hentry","entry"],"_links":{"self":[{"href":"https:\/\/pestalozzidemaceio.org.br\/web\/wp-json\/wp\/v2\/pages\/454","targetHints":{"allow":["GET"]}}],"collection":[{"href":"https:\/\/pestalozzidemaceio.org.br\/web\/wp-json\/wp\/v2\/pages"}],"about":[{"href":"https:\/\/pestalozzidemaceio.org.br\/web\/wp-json\/wp\/v2\/types\/page"}],"author":[{"embeddable":true,"href":"https:\/\/pestalozzidemaceio.org.br\/web\/wp-json\/wp\/v2\/users\/1"}],"replies":[{"embeddable":true,"href":"https:\/\/pestalozzidemaceio.org.br\/web\/wp-json\/wp\/v2\/comments?post=454"}],"version-history":[{"count":37,"href":"https:\/\/pestalozzidemaceio.org.br\/web\/wp-json\/wp\/v2\/pages\/454\/revisions"}],"predecessor-version":[{"id":872,"href":"https:\/\/pestalozzidemaceio.org.br\/web\/wp-json\/wp\/v2\/pages\/454\/revisions\/872"}],"wp:attachment":[{"href":"https:\/\/pestalozzidemaceio.org.br\/web\/wp-json\/wp\/v2\/media?parent=454"}],"curies":[{"name":"wp","href":"https:\/\/api.w.org\/{rel}","templated":true}]}}