{"id":456,"date":"2022-01-13T10:57:33","date_gmt":"2022-01-13T13:57:33","guid":{"rendered":"https:\/\/pestalozzidemaceio.org.br\/web\/?page_id=456"},"modified":"2022-07-28T09:21:55","modified_gmt":"2022-07-28T12:21:55","slug":"trabalhe-conosco","status":"publish","type":"page","link":"https:\/\/pestalozzidemaceio.org.br\/web\/trabalhe-conosco\/","title":{"rendered":"Trabalhe conosco"},"content":{"rendered":"\n<figure class=\"wp-block-image size-large\"><img loading=\"lazy\" decoding=\"async\" width=\"1024\" height=\"225\" src=\"https:\/\/pestalozzidemaceio.org.br\/web\/wp-content\/uploads\/2022\/02\/trabalhe-conosco-1024x225.png\" alt=\"\" class=\"wp-image-764\" srcset=\"https:\/\/pestalozzidemaceio.org.br\/web\/wp-content\/uploads\/2022\/02\/trabalhe-conosco-1024x225.png 1024w, https:\/\/pestalozzidemaceio.org.br\/web\/wp-content\/uploads\/2022\/02\/trabalhe-conosco-300x66.png 300w, https:\/\/pestalozzidemaceio.org.br\/web\/wp-content\/uploads\/2022\/02\/trabalhe-conosco-768x169.png 768w, https:\/\/pestalozzidemaceio.org.br\/web\/wp-content\/uploads\/2022\/02\/trabalhe-conosco.png 1200w\" sizes=\"auto, (max-width: 1024px) 100vw, 1024px\" \/><\/figure>\n\n\n\n<p class=\"has-medium-font-size\">Seja um novo colaborador da nossa grande Fam\u00edlia Pestalozziana!<\/p>\n\n\n\n<p class=\"has-medium-font-size\">Trabalhar aqui \u00e9 fazer parte de um ambiente inspirador, desafiador e multicultural. Para fazer parte da nossa fam\u00edlia, voc\u00ea precisa compartilhar nossos ideais. E se voc\u00ea busca novos desafios e deseja ingressar no nosso time, cadastre seu curr\u00edculo agora mesmo. <\/p>\n\n\n\n<p class=\"has-medium-font-size\">Seu curr\u00edculo ficar\u00e1 registrado em nosso banco de dados exclusivo e ser\u00e1 avaliado por nosso setor de Recursos Humanos.<\/p>\n\n\n\n<p class=\"has-medium-font-size\">Boa sorte! Para enviar seu curr\u00edculo, <a href=\"https:\/\/sistema.pestalozzidemaceio.org.br\/curriculoonline\/\">clique aqui<\/a><\/p>\n","protected":false},"excerpt":{"rendered":"<p>Seja um novo colaborador da nossa grande Fam\u00edlia Pestalozziana! Trabalhar aqui \u00e9 fazer parte de um ambiente inspirador, desafiador e multicultural. Para fazer parte da nossa fam\u00edlia, voc\u00ea precisa compartilhar nossos ideais. E se voc\u00ea busca novos desafios e deseja ingressar no nosso time, cadastre seu curr\u00edculo agora mesmo. Seu curr\u00edculo ficar\u00e1 registrado em nosso [&hellip;]<\/p>\n","protected":false},"author":1,"featured_media":0,"parent":0,"menu_order":0,"comment_status":"closed","ping_status":"closed","template":"","meta":{"footnotes":""},"class_list":["post-456","page","type-page","status-publish","hentry","entry"],"_links":{"self":[{"href":"https:\/\/pestalozzidemaceio.org.br\/web\/wp-json\/wp\/v2\/pages\/456","targetHints":{"allow":["GET"]}}],"collection":[{"href":"https:\/\/pestalozzidemaceio.org.br\/web\/wp-json\/wp\/v2\/pages"}],"about":[{"href":"https:\/\/pestalozzidemaceio.org.br\/web\/wp-json\/wp\/v2\/types\/page"}],"author":[{"embeddable":true,"href":"https:\/\/pestalozzidemaceio.org.br\/web\/wp-json\/wp\/v2\/users\/1"}],"replies":[{"embeddable":true,"href":"https:\/\/pestalozzidemaceio.org.br\/web\/wp-json\/wp\/v2\/comments?post=456"}],"version-history":[{"count":7,"href":"https:\/\/pestalozzidemaceio.org.br\/web\/wp-json\/wp\/v2\/pages\/456\/revisions"}],"predecessor-version":[{"id":989,"href":"https:\/\/pestalozzidemaceio.org.br\/web\/wp-json\/wp\/v2\/pages\/456\/revisions\/989"}],"wp:attachment":[{"href":"https:\/\/pestalozzidemaceio.org.br\/web\/wp-json\/wp\/v2\/media?parent=456"}],"curies":[{"name":"wp","href":"https:\/\/api.w.org\/{rel}","templated":true}]}}