{"id":462,"date":"2022-01-13T10:59:08","date_gmt":"2022-01-13T13:59:08","guid":{"rendered":"https:\/\/pestalozzidemaceio.org.br\/web\/?page_id=462"},"modified":"2023-03-01T16:24:13","modified_gmt":"2023-03-01T19:24:13","slug":"unidades","status":"publish","type":"page","link":"https:\/\/pestalozzidemaceio.org.br\/web\/unidades\/","title":{"rendered":"Unidades"},"content":{"rendered":"<div class=\"wp-block-image\">\n<figure class=\"aligncenter size-large\"><img loading=\"lazy\" decoding=\"async\" width=\"1024\" height=\"225\" src=\"https:\/\/pestalozzidemaceio.org.br\/web\/wp-content\/uploads\/2022\/01\/NOSSAS-UNIDADES-1024x225.png\" alt=\"\" class=\"wp-image-565\" srcset=\"https:\/\/pestalozzidemaceio.org.br\/web\/wp-content\/uploads\/2022\/01\/NOSSAS-UNIDADES-1024x225.png 1024w, https:\/\/pestalozzidemaceio.org.br\/web\/wp-content\/uploads\/2022\/01\/NOSSAS-UNIDADES-300x66.png 300w, https:\/\/pestalozzidemaceio.org.br\/web\/wp-content\/uploads\/2022\/01\/NOSSAS-UNIDADES-768x169.png 768w, https:\/\/pestalozzidemaceio.org.br\/web\/wp-content\/uploads\/2022\/01\/NOSSAS-UNIDADES.png 1200w\" sizes=\"auto, (max-width: 1024px) 100vw, 1024px\" \/><\/figure>\n<\/div>\n\n\n<h2 class=\"has-text-align-center wp-block-heading\" id=\"saude\">Sa\u00fade<\/h2>\n\n\n\n<div class=\"wp-block-columns is-layout-flex wp-container-core-columns-is-layout-9d6595d7 wp-block-columns-is-layout-flex\">\n<div class=\"wp-block-column is-layout-flow wp-block-column-is-layout-flow\" style=\"flex-basis:33.33%\">\n<figure class=\"wp-block-image size-full\"><img loading=\"lazy\" decoding=\"async\" width=\"500\" height=\"500\" src=\"https:\/\/pestalozzidemaceio.org.br\/web\/wp-content\/uploads\/2022\/01\/CER-IV-2.png\" alt=\"\" class=\"wp-image-583\" srcset=\"https:\/\/pestalozzidemaceio.org.br\/web\/wp-content\/uploads\/2022\/01\/CER-IV-2.png 500w, https:\/\/pestalozzidemaceio.org.br\/web\/wp-content\/uploads\/2022\/01\/CER-IV-2-300x300.png 300w, https:\/\/pestalozzidemaceio.org.br\/web\/wp-content\/uploads\/2022\/01\/CER-IV-2-150x150.png 150w\" sizes=\"auto, (max-width: 500px) 100vw, 500px\" \/><\/figure>\n<\/div>\n\n\n\n<div class=\"wp-block-column is-vertically-aligned-center is-layout-flow wp-block-column-is-layout-flow\" style=\"flex-basis:66.66%\">\n<p class=\"has-medium-font-size\" style=\"font-style:normal;font-weight:100\">Centro Especializado em Reabilita\u00e7\u00e3o &#8211; CER IV<br>Hor\u00e1rio de atendimento: 07h00 \u00e0s 11h00 e 13h00 \u00e0s 17h00<br>Endere\u00e7o: Rua Comendador Firmo Lopes, 242 \u2013 Farol.<br>Fone: (82) 3201-2350 &nbsp;&nbsp;<\/p>\n<\/div>\n<\/div>\n\n\n\n<div class=\"wp-block-columns is-layout-flex wp-container-core-columns-is-layout-9d6595d7 wp-block-columns-is-layout-flex\">\n<div class=\"wp-block-column is-vertically-aligned-center is-layout-flow wp-block-column-is-layout-flow\" style=\"flex-basis:66.66%\">\n<p class=\"has-text-align-right has-medium-font-size\">Ambulat\u00f3rio de M\u00e9dia e Alta Complexidade<br>Hor\u00e1rio de atendimento: 07h00 \u00e0s 11h00 e 13h00 \u00e0s 17h00<br>Endere\u00e7o: Rua Comendador Firmo Lopes, 266 \u2013 Farol.<br>Fone: (82) 3201-2381<\/p>\n<\/div>\n\n\n\n<div class=\"wp-block-column is-layout-flow wp-block-column-is-layout-flow\" style=\"flex-basis:33.33%\">\n<figure class=\"wp-block-image size-full\"><img loading=\"lazy\" decoding=\"async\" width=\"500\" height=\"500\" src=\"https:\/\/pestalozzidemaceio.org.br\/web\/wp-content\/uploads\/2022\/01\/AMBULATORIO-1.png\" alt=\"\" class=\"wp-image-584\" srcset=\"https:\/\/pestalozzidemaceio.org.br\/web\/wp-content\/uploads\/2022\/01\/AMBULATORIO-1.png 500w, https:\/\/pestalozzidemaceio.org.br\/web\/wp-content\/uploads\/2022\/01\/AMBULATORIO-1-300x300.png 300w, https:\/\/pestalozzidemaceio.org.br\/web\/wp-content\/uploads\/2022\/01\/AMBULATORIO-1-150x150.png 150w\" sizes=\"auto, (max-width: 500px) 100vw, 500px\" \/><\/figure>\n<\/div>\n<\/div>\n\n\n\n<div class=\"wp-block-columns is-layout-flex wp-container-core-columns-is-layout-9d6595d7 wp-block-columns-is-layout-flex\">\n<div class=\"wp-block-column is-layout-flow wp-block-column-is-layout-flow\" style=\"flex-basis:33.33%\">\n<figure class=\"wp-block-image size-full\"><img loading=\"lazy\" decoding=\"async\" width=\"500\" height=\"500\" src=\"https:\/\/pestalozzidemaceio.org.br\/web\/wp-content\/uploads\/2022\/01\/JAREDE-1.png\" alt=\"\" class=\"wp-image-585\" srcset=\"https:\/\/pestalozzidemaceio.org.br\/web\/wp-content\/uploads\/2022\/01\/JAREDE-1.png 500w, https:\/\/pestalozzidemaceio.org.br\/web\/wp-content\/uploads\/2022\/01\/JAREDE-1-300x300.png 300w, https:\/\/pestalozzidemaceio.org.br\/web\/wp-content\/uploads\/2022\/01\/JAREDE-1-150x150.png 150w\" sizes=\"auto, (max-width: 500px) 100vw, 500px\" \/><\/figure>\n<\/div>\n\n\n\n<div class=\"wp-block-column is-vertically-aligned-center is-layout-flow wp-block-column-is-layout-flow\" style=\"flex-basis:66.66%\">\n<p class=\"has-medium-font-size\">Unidade de Sa\u00fade Jarede Viana<br>Hor\u00e1rio de atendimento: 07h00 \u00e0s 11h00 e 13h00 \u00e0s 17h00<br>Endere\u00e7o: Av. Pratagy, 714 \u2013 Benedito Bentes I.<br>Fone: (82) 99924-4335<\/p>\n<\/div>\n<\/div>\n\n\n\n<div class=\"wp-block-columns is-layout-flex wp-container-core-columns-is-layout-9d6595d7 wp-block-columns-is-layout-flex\">\n<div class=\"wp-block-column is-vertically-aligned-center is-layout-flow wp-block-column-is-layout-flow\" style=\"flex-basis:66.66%\">\n<p class=\"has-text-align-right has-medium-font-size\">Unidade de Sa\u00fade Maria Aparecida Cavalcante Cerqueira<br>Hor\u00e1rio de atendimento: 07h00 \u00e0s 11h00 e 13h00 \u00e0s 17h00<br>Endere\u00e7o: Rua S\u00e3o Pedro, 20 \u2013 Village Campestre II.<br>Fone: (82) 99950-1217<\/p>\n<\/div>\n\n\n\n<div class=\"wp-block-column is-layout-flow wp-block-column-is-layout-flow\" style=\"flex-basis:33.33%\">\n<figure class=\"wp-block-image size-full\"><img loading=\"lazy\" decoding=\"async\" width=\"500\" height=\"500\" src=\"https:\/\/pestalozzidemaceio.org.br\/web\/wp-content\/uploads\/2022\/01\/MARIA-APARECIDA-1.png\" alt=\"\" class=\"wp-image-586\" srcset=\"https:\/\/pestalozzidemaceio.org.br\/web\/wp-content\/uploads\/2022\/01\/MARIA-APARECIDA-1.png 500w, https:\/\/pestalozzidemaceio.org.br\/web\/wp-content\/uploads\/2022\/01\/MARIA-APARECIDA-1-300x300.png 300w, https:\/\/pestalozzidemaceio.org.br\/web\/wp-content\/uploads\/2022\/01\/MARIA-APARECIDA-1-150x150.png 150w\" sizes=\"auto, (max-width: 500px) 100vw, 500px\" \/><\/figure>\n<\/div>\n<\/div>\n\n\n\n<div class=\"wp-block-columns is-layout-flex wp-container-core-columns-is-layout-9d6595d7 wp-block-columns-is-layout-flex\">\n<div class=\"wp-block-column is-layout-flow wp-block-column-is-layout-flow\" style=\"flex-basis:33.33%\">\n<figure class=\"wp-block-image size-full\"><img loading=\"lazy\" decoding=\"async\" width=\"500\" height=\"500\" src=\"https:\/\/pestalozzidemaceio.org.br\/web\/wp-content\/uploads\/2022\/01\/ALINE-DE-MORAES-1.png\" alt=\"\" class=\"wp-image-587\" srcset=\"https:\/\/pestalozzidemaceio.org.br\/web\/wp-content\/uploads\/2022\/01\/ALINE-DE-MORAES-1.png 500w, https:\/\/pestalozzidemaceio.org.br\/web\/wp-content\/uploads\/2022\/01\/ALINE-DE-MORAES-1-300x300.png 300w, https:\/\/pestalozzidemaceio.org.br\/web\/wp-content\/uploads\/2022\/01\/ALINE-DE-MORAES-1-150x150.png 150w\" sizes=\"auto, (max-width: 500px) 100vw, 500px\" \/><\/figure>\n<\/div>\n\n\n\n<div class=\"wp-block-column is-vertically-aligned-center is-layout-flow wp-block-column-is-layout-flow\" style=\"flex-basis:66.66%\">\n<p class=\"has-medium-font-size\"> Unidade de Sa\u00fade Aline de Moraes Marinho<br>Hor\u00e1rio de atendimento: 07h00 \u00e0s 11h00 e 13h00 \u00e0s 17h00<br>Endere\u00e7o: Conj. Virgem dos Pobres I \u2013 Vergel do Lago.<br>Fone: (82) 99950-1085<\/p>\n<\/div>\n<\/div>\n\n\n\n<div class=\"wp-block-columns is-layout-flex wp-container-core-columns-is-layout-9d6595d7 wp-block-columns-is-layout-flex\">\n<div class=\"wp-block-column is-vertically-aligned-center is-layout-flow wp-block-column-is-layout-flow\" style=\"flex-basis:66.66%\">\n<p class=\"has-text-align-right has-medium-font-size\">Unidade de Sa\u00fade Judith Barreto do Amaral<br>Hor\u00e1rio de atendimento: 07h00 \u00e0s 11h00 e 13h00 \u00e0s 17h00<br>Endere\u00e7o: Av. Jorge Montenegro de Barros, 3333 \u2013 Santa Am\u00e9lia.<br>Fone: (82) 3314-2777<\/p>\n<\/div>\n\n\n\n<div class=\"wp-block-column is-layout-flow wp-block-column-is-layout-flow\" style=\"flex-basis:33.33%\">\n<figure class=\"wp-block-image size-full\"><img loading=\"lazy\" decoding=\"async\" width=\"500\" height=\"500\" src=\"https:\/\/pestalozzidemaceio.org.br\/web\/wp-content\/uploads\/2022\/01\/JUDITH-1.png\" alt=\"\" class=\"wp-image-588\" srcset=\"https:\/\/pestalozzidemaceio.org.br\/web\/wp-content\/uploads\/2022\/01\/JUDITH-1.png 500w, https:\/\/pestalozzidemaceio.org.br\/web\/wp-content\/uploads\/2022\/01\/JUDITH-1-300x300.png 300w, https:\/\/pestalozzidemaceio.org.br\/web\/wp-content\/uploads\/2022\/01\/JUDITH-1-150x150.png 150w\" sizes=\"auto, (max-width: 500px) 100vw, 500px\" \/><\/figure>\n<\/div>\n<\/div>\n\n\n\n<div class=\"wp-block-columns is-layout-flex wp-container-core-columns-is-layout-9d6595d7 wp-block-columns-is-layout-flex\">\n<div class=\"wp-block-column is-layout-flow wp-block-column-is-layout-flow\" style=\"flex-basis:33.33%\">\n<figure class=\"wp-block-image size-full\"><img loading=\"lazy\" decoding=\"async\" width=\"500\" height=\"500\" src=\"https:\/\/pestalozzidemaceio.org.br\/web\/wp-content\/uploads\/2022\/01\/ORTESE-E-PROTESE-1.png\" alt=\"\" class=\"wp-image-589\" srcset=\"https:\/\/pestalozzidemaceio.org.br\/web\/wp-content\/uploads\/2022\/01\/ORTESE-E-PROTESE-1.png 500w, https:\/\/pestalozzidemaceio.org.br\/web\/wp-content\/uploads\/2022\/01\/ORTESE-E-PROTESE-1-300x300.png 300w, https:\/\/pestalozzidemaceio.org.br\/web\/wp-content\/uploads\/2022\/01\/ORTESE-E-PROTESE-1-150x150.png 150w\" sizes=\"auto, (max-width: 500px) 100vw, 500px\" \/><\/figure>\n<\/div>\n\n\n\n<div class=\"wp-block-column is-vertically-aligned-center is-layout-flow wp-block-column-is-layout-flow\" style=\"flex-basis:66.66%\">\n<p class=\"has-medium-font-size\">Oficina de Ortop\u00e9dica Fixa &#8211; L\u00e1zaro Henrique Lino dos Santos<br>Hor\u00e1rio de atendimento: 07h00 \u00e0s 11h00 e 13h00 \u00e0s 17h00<br>Endere\u00e7o: Rua Comendador Firmo Lopes \u2013 Farol.<br>Fone: (82) 3201-2355 \/ 96970540<\/p>\n<\/div>\n<\/div>\n\n\n\n<h2 class=\"has-text-align-center wp-block-heading\" id=\"assistencia-social\">Assist\u00eancia Social<\/h2>\n\n\n\n<div class=\"wp-block-columns is-layout-flex wp-container-core-columns-is-layout-9d6595d7 wp-block-columns-is-layout-flex\">\n<div class=\"wp-block-column is-vertically-aligned-center is-layout-flow wp-block-column-is-layout-flow\" style=\"flex-basis:66.66%\">\n<p class=\"has-text-align-right has-medium-font-size\">Centro-Dia de Refer\u00eancia: Viver com Autonomia<br>Hor\u00e1rio de atendimento: 07h00 \u00e0s 11h00 e 13h00 \u00e0s 17h00<br>Endere\u00e7o: Rua Comendador Firmo Lopes, 223 \u2013 Farol.<br>Fone: 3201-2364<\/p>\n<\/div>\n\n\n\n<div class=\"wp-block-column is-layout-flow wp-block-column-is-layout-flow\" style=\"flex-basis:33.33%\">\n<figure class=\"wp-block-image size-full\"><img loading=\"lazy\" decoding=\"async\" width=\"500\" height=\"500\" src=\"https:\/\/pestalozzidemaceio.org.br\/web\/wp-content\/uploads\/2022\/01\/CENTRO-DIA-1.png\" alt=\"\" class=\"wp-image-590\" srcset=\"https:\/\/pestalozzidemaceio.org.br\/web\/wp-content\/uploads\/2022\/01\/CENTRO-DIA-1.png 500w, https:\/\/pestalozzidemaceio.org.br\/web\/wp-content\/uploads\/2022\/01\/CENTRO-DIA-1-300x300.png 300w, https:\/\/pestalozzidemaceio.org.br\/web\/wp-content\/uploads\/2022\/01\/CENTRO-DIA-1-150x150.png 150w\" sizes=\"auto, (max-width: 500px) 100vw, 500px\" \/><\/figure>\n<\/div>\n<\/div>\n\n\n\n<div class=\"wp-block-columns is-layout-flex wp-container-core-columns-is-layout-9d6595d7 wp-block-columns-is-layout-flex\">\n<div class=\"wp-block-column is-layout-flow wp-block-column-is-layout-flow\" style=\"flex-basis:33.33%\">\n<figure class=\"wp-block-image size-full\"><img loading=\"lazy\" decoding=\"async\" width=\"500\" height=\"500\" src=\"https:\/\/pestalozzidemaceio.org.br\/web\/wp-content\/uploads\/2022\/01\/RESIDENCIA-INCLUSIVA-1.png\" alt=\"\" class=\"wp-image-591\" srcset=\"https:\/\/pestalozzidemaceio.org.br\/web\/wp-content\/uploads\/2022\/01\/RESIDENCIA-INCLUSIVA-1.png 500w, https:\/\/pestalozzidemaceio.org.br\/web\/wp-content\/uploads\/2022\/01\/RESIDENCIA-INCLUSIVA-1-300x300.png 300w, https:\/\/pestalozzidemaceio.org.br\/web\/wp-content\/uploads\/2022\/01\/RESIDENCIA-INCLUSIVA-1-150x150.png 150w\" sizes=\"auto, (max-width: 500px) 100vw, 500px\" \/><\/figure>\n<\/div>\n\n\n\n<div class=\"wp-block-column is-vertically-aligned-center is-layout-flow wp-block-column-is-layout-flow\" style=\"flex-basis:66.66%\">\n<p class=\"has-medium-font-size\">A Resid\u00eancia Inclusiva \u00e9 um local adaptado de acolhimento que tem a finalidade de propiciar a constru\u00e7\u00e3o progressiva da autonomia e do desenvolvimento das atividades da vida di\u00e1ria, a participa\u00e7\u00e3o social e comunit\u00e1ria e o fortalecimento dos v\u00ednculos familiares com vistas \u00e0 reintegra\u00e7\u00e3o e\/ou conviv\u00eancia.<\/p>\n<\/div>\n<\/div>\n\n\n\n<h2 class=\"has-text-align-center wp-block-heading\" id=\"educacao\">Educa\u00e7\u00e3o<\/h2>\n\n\n\n<div class=\"wp-block-columns is-layout-flex wp-container-core-columns-is-layout-9d6595d7 wp-block-columns-is-layout-flex\">\n<div class=\"wp-block-column is-vertically-aligned-center is-layout-flow wp-block-column-is-layout-flow\" style=\"flex-basis:66.66%\">\n<p class=\"has-text-align-right has-medium-font-size\">Centro de Atendimento Educacional Especializado Genilda Porto<br>Escola Especializada Maria do Esp\u00edrito Santo&nbsp;<br>Hor\u00e1rio de atendimento: 07h30 \u00e0s 11h30 e 13h00 \u00e0s 17h00 <br>Endere\u00e7o: Av. St\u00aa Rita de C\u00e1ssia, 140 \u2013 Farol, 57051-600.<br>Fone: (82) 99697-0707<\/p>\n<\/div>\n\n\n\n<div class=\"wp-block-column is-layout-flow wp-block-column-is-layout-flow\" style=\"flex-basis:33.33%\">\n<figure class=\"wp-block-image size-full\"><img loading=\"lazy\" decoding=\"async\" width=\"500\" height=\"500\" src=\"https:\/\/pestalozzidemaceio.org.br\/web\/wp-content\/uploads\/2022\/01\/CAEEGP-1.png\" alt=\"\" class=\"wp-image-593\" srcset=\"https:\/\/pestalozzidemaceio.org.br\/web\/wp-content\/uploads\/2022\/01\/CAEEGP-1.png 500w, https:\/\/pestalozzidemaceio.org.br\/web\/wp-content\/uploads\/2022\/01\/CAEEGP-1-300x300.png 300w, https:\/\/pestalozzidemaceio.org.br\/web\/wp-content\/uploads\/2022\/01\/CAEEGP-1-150x150.png 150w\" sizes=\"auto, (max-width: 500px) 100vw, 500px\" \/><\/figure>\n<\/div>\n<\/div>\n\n\n\n<div class=\"wp-block-columns is-layout-flex wp-container-core-columns-is-layout-9d6595d7 wp-block-columns-is-layout-flex\">\n<div class=\"wp-block-column is-layout-flow wp-block-column-is-layout-flow\" style=\"flex-basis:33.33%\">\n<figure class=\"wp-block-image size-full\"><img loading=\"lazy\" decoding=\"async\" width=\"500\" height=\"500\" src=\"https:\/\/pestalozzidemaceio.org.br\/web\/wp-content\/uploads\/2022\/01\/APRENDIZ-1.png\" alt=\"\" class=\"wp-image-595\" srcset=\"https:\/\/pestalozzidemaceio.org.br\/web\/wp-content\/uploads\/2022\/01\/APRENDIZ-1.png 500w, https:\/\/pestalozzidemaceio.org.br\/web\/wp-content\/uploads\/2022\/01\/APRENDIZ-1-300x300.png 300w, https:\/\/pestalozzidemaceio.org.br\/web\/wp-content\/uploads\/2022\/01\/APRENDIZ-1-150x150.png 150w\" sizes=\"auto, (max-width: 500px) 100vw, 500px\" \/><\/figure>\n<\/div>\n\n\n\n<div class=\"wp-block-column is-vertically-aligned-center is-layout-flow wp-block-column-is-layout-flow\" style=\"flex-basis:66.66%\">\n<p class=\"has-medium-font-size\">Programa de Aprendizagem \u2013 Aprendiz Pestalozzi<br>Hor\u00e1rio de atendimento: 07h30 \u00e0s 11h30 e 13h00 \u00e0s 17h00<br>Endere\u00e7o: Rua Comendador Firmo Lopes, 199 \u2013 Farol.<br>Fone: (82) 3201-2389<\/p>\n<\/div>\n<\/div>\n\n\n\n<div class=\"wp-block-columns is-layout-flex wp-container-core-columns-is-layout-9d6595d7 wp-block-columns-is-layout-flex\">\n<div class=\"wp-block-column is-layout-flow wp-block-column-is-layout-flow\" style=\"flex-basis:66.66%\"><\/div>\n\n\n\n<div class=\"wp-block-column is-layout-flow wp-block-column-is-layout-flow\" style=\"flex-basis:33.33%\"><\/div>\n<\/div>\n\n\n\n<div class=\"wp-block-columns is-layout-flex wp-container-core-columns-is-layout-9d6595d7 wp-block-columns-is-layout-flex\">\n<div class=\"wp-block-column is-layout-flow wp-block-column-is-layout-flow\" style=\"flex-basis:33.33%\"><\/div>\n\n\n\n<div class=\"wp-block-column is-layout-flow wp-block-column-is-layout-flow\" style=\"flex-basis:66.66%\"><\/div>\n<\/div>\n","protected":false},"excerpt":{"rendered":"<p>Sa\u00fade Centro Especializado em Reabilita\u00e7\u00e3o &#8211; CER IVHor\u00e1rio de atendimento: 07h00 \u00e0s 11h00 e 13h00 \u00e0s 17h00Endere\u00e7o: Rua Comendador Firmo Lopes, 242 \u2013 Farol.Fone: (82) 3201-2350 &nbsp;&nbsp; Ambulat\u00f3rio de M\u00e9dia e Alta ComplexidadeHor\u00e1rio de atendimento: 07h00 \u00e0s 11h00 e 13h00 \u00e0s 17h00Endere\u00e7o: Rua Comendador Firmo Lopes, 266 \u2013 Farol.Fone: (82) 3201-2381 Unidade de Sa\u00fade Jarede [&hellip;]<\/p>\n","protected":false},"author":1,"featured_media":0,"parent":0,"menu_order":0,"comment_status":"closed","ping_status":"closed","template":"","meta":{"footnotes":""},"class_list":["post-462","page","type-page","status-publish","hentry","entry"],"_links":{"self":[{"href":"https:\/\/pestalozzidemaceio.org.br\/web\/wp-json\/wp\/v2\/pages\/462","targetHints":{"allow":["GET"]}}],"collection":[{"href":"https:\/\/pestalozzidemaceio.org.br\/web\/wp-json\/wp\/v2\/pages"}],"about":[{"href":"https:\/\/pestalozzidemaceio.org.br\/web\/wp-json\/wp\/v2\/types\/page"}],"author":[{"embeddable":true,"href":"https:\/\/pestalozzidemaceio.org.br\/web\/wp-json\/wp\/v2\/users\/1"}],"replies":[{"embeddable":true,"href":"https:\/\/pestalozzidemaceio.org.br\/web\/wp-json\/wp\/v2\/comments?post=462"}],"version-history":[{"count":10,"href":"https:\/\/pestalozzidemaceio.org.br\/web\/wp-json\/wp\/v2\/pages\/462\/revisions"}],"predecessor-version":[{"id":803,"href":"https:\/\/pestalozzidemaceio.org.br\/web\/wp-json\/wp\/v2\/pages\/462\/revisions\/803"}],"wp:attachment":[{"href":"https:\/\/pestalozzidemaceio.org.br\/web\/wp-json\/wp\/v2\/media?parent=462"}],"curies":[{"name":"wp","href":"https:\/\/api.w.org\/{rel}","templated":true}]}}