{"id":464,"date":"2022-01-13T11:00:04","date_gmt":"2022-01-13T14:00:04","guid":{"rendered":"https:\/\/pestalozzidemaceio.org.br\/web\/?page_id=464"},"modified":"2022-04-19T16:06:15","modified_gmt":"2022-04-19T19:06:15","slug":"saude","status":"publish","type":"page","link":"https:\/\/pestalozzidemaceio.org.br\/web\/saude\/","title":{"rendered":"Sa\u00fade"},"content":{"rendered":"\n<div class=\"wp-block-group\"><div class=\"wp-block-group__inner-container is-layout-flow wp-block-group-is-layout-flow\">\n<div class=\"wp-block-columns is-layout-flex wp-container-core-columns-is-layout-9d6595d7 wp-block-columns-is-layout-flex\">\n<div class=\"wp-block-column is-layout-flow wp-block-column-is-layout-flow\">\n<figure class=\"wp-block-image size-large is-resized\"><img decoding=\"async\" src=\"https:\/\/pestalozzidemaceio.org.br\/web\/wp-content\/uploads\/2022\/01\/CER-IV-1-1024x225.png\" alt=\"\" class=\"wp-image-568\" width=\"1200\" srcset=\"https:\/\/pestalozzidemaceio.org.br\/web\/wp-content\/uploads\/2022\/01\/CER-IV-1-1024x225.png 1024w, https:\/\/pestalozzidemaceio.org.br\/web\/wp-content\/uploads\/2022\/01\/CER-IV-1-300x66.png 300w, https:\/\/pestalozzidemaceio.org.br\/web\/wp-content\/uploads\/2022\/01\/CER-IV-1-768x169.png 768w, https:\/\/pestalozzidemaceio.org.br\/web\/wp-content\/uploads\/2022\/01\/CER-IV-1.png 1200w\" sizes=\"(max-width: 1024px) 100vw, 1024px\" \/><\/figure>\n<\/div>\n<\/div>\n\n\n\n<p class=\"has-medium-font-size\">O Centro Especializado em Reabilita\u00e7\u00e3o \u2014 CER IV \u2014 \u00e9 a \u00fanica unidade de atendimento \u00e0 pessoa com defici\u00eancia, habilitada pelo Minist\u00e9rio de Sa\u00fade, no estado de Alagoas, que oferece aos seus usu\u00e1rios as 04 (quatro) modalidades de reabilita\u00e7\u00e3o: intelectual, f\u00edsica, auditiva e visual (ou m\u00faltiplas). Seu principal objetivo \u00e9 ofertar atendimento integral ao cidad\u00e3o que apresenta mais de uma defici\u00eancia no mesmo local de atendimento, focando no seu desenvolvimento do potencial f\u00edsico e psicossocial, e ainda realiza a entrega de \u00f3rteses, pr\u00f3teses e meios de locomo\u00e7\u00e3o. Oferece ainda uma aten\u00e7\u00e3o diferenciada a pessoa com defici\u00eancia que \u00e9 diagnosticada com Transtorno do Espectro Autista (TEA), atrav\u00e9s da rede intelectual e do servi\u00e7o de Equoterapia.<\/p>\n\n\n\n<figure class=\"wp-block-image size-large is-resized\"><img decoding=\"async\" src=\"https:\/\/pestalozzidemaceio.org.br\/web\/wp-content\/uploads\/2022\/01\/CER-IV-1-1-1024x427.png\" alt=\"\" class=\"wp-image-570\" width=\"1200\" srcset=\"https:\/\/pestalozzidemaceio.org.br\/web\/wp-content\/uploads\/2022\/01\/CER-IV-1-1-1024x427.png 1024w, https:\/\/pestalozzidemaceio.org.br\/web\/wp-content\/uploads\/2022\/01\/CER-IV-1-1-300x125.png 300w, https:\/\/pestalozzidemaceio.org.br\/web\/wp-content\/uploads\/2022\/01\/CER-IV-1-1-768x320.png 768w, https:\/\/pestalozzidemaceio.org.br\/web\/wp-content\/uploads\/2022\/01\/CER-IV-1-1.png 1200w\" sizes=\"(max-width: 1024px) 100vw, 1024px\" \/><\/figure>\n\n\n\n<figure class=\"wp-block-image size-large is-resized\"><img decoding=\"async\" src=\"https:\/\/pestalozzidemaceio.org.br\/web\/wp-content\/uploads\/2022\/02\/CER-IV-2-1024x427.png\" alt=\"\" class=\"wp-image-685\" width=\"1200\" srcset=\"https:\/\/pestalozzidemaceio.org.br\/web\/wp-content\/uploads\/2022\/02\/CER-IV-2-1024x427.png 1024w, https:\/\/pestalozzidemaceio.org.br\/web\/wp-content\/uploads\/2022\/02\/CER-IV-2-300x125.png 300w, https:\/\/pestalozzidemaceio.org.br\/web\/wp-content\/uploads\/2022\/02\/CER-IV-2-768x320.png 768w, https:\/\/pestalozzidemaceio.org.br\/web\/wp-content\/uploads\/2022\/02\/CER-IV-2.png 1200w\" sizes=\"(max-width: 1024px) 100vw, 1024px\" \/><\/figure>\n\n\n\n<figure class=\"wp-block-image size-large is-resized\"><img decoding=\"async\" src=\"https:\/\/pestalozzidemaceio.org.br\/web\/wp-content\/uploads\/2022\/02\/CER-IV-3-1024x427.png\" alt=\"\" class=\"wp-image-687\" width=\"1200\" srcset=\"https:\/\/pestalozzidemaceio.org.br\/web\/wp-content\/uploads\/2022\/02\/CER-IV-3-1024x427.png 1024w, https:\/\/pestalozzidemaceio.org.br\/web\/wp-content\/uploads\/2022\/02\/CER-IV-3-300x125.png 300w, https:\/\/pestalozzidemaceio.org.br\/web\/wp-content\/uploads\/2022\/02\/CER-IV-3-768x320.png 768w, https:\/\/pestalozzidemaceio.org.br\/web\/wp-content\/uploads\/2022\/02\/CER-IV-3.png 1200w\" sizes=\"(max-width: 1024px) 100vw, 1024px\" \/><\/figure>\n\n\n\n<hr class=\"wp-block-separator\"\/>\n\n\n\n<p class=\"has-medium-font-size\">Centro Especializado em Reabilita\u00e7\u00e3o &#8211; CER IV <br>Endere\u00e7o: Rua Comendador Firmo Lopes, 242 \u2013 Farol. <br>Fone: (82) 3201-2350<\/p>\n<\/div><\/div>\n\n\n\n<hr class=\"wp-block-separator\"\/>\n\n\n\n<h1 class=\"wp-block-heading\" id=\"atividades-da-vida-diaria-e-pratica\" style=\"font-size:25px\">Atividades da vida di\u00e1ria e pr\u00e1tica<\/h1>\n\n\n\n<p class=\"has-medium-font-size\">Al\u00e9m do CER IV, as diversas unidades s\u00e3o consideradas pontos de aten\u00e7\u00e3o, oferecendo duas modalidades de reabilita\u00e7\u00e3o \u2014 f\u00edsica e intelectual \u2014 cada. Promove tamb\u00e9m atividades voltadas para o cotidiano e a vida pessoal desses usu\u00e1rios, tendo como objetivo:<\/p>\n\n\n\n<p class=\"has-medium-font-size\"><strong>\u2013 <\/strong>Higiene pessoal (banho, uso do vaso sanit\u00e1rio, cuidado com o corpo);<br>&#8211; Avaliar o sujeito nas \u00e1reas, componentes e contextos de desempenho ocupacional;<br>&#8211; Identificar habilidades que possam ser restauradas ou adaptadas;<br>&#8211; Realizar estimula\u00e7\u00e3o sensorial para favorecer a melhora da percep\u00e7\u00e3o sensitiva e fun\u00e7\u00e3o manual;<br>&#8211; Avaliar, prescrever e confeccionar, dispositivos de tecnologia assistiva, \u00f3rteses e adapta\u00e7\u00f5es para favorecer a capacidade funcional nas atividades da vida di\u00e1ria;<br>&#8211; Prescrever meios de locomo\u00e7\u00e3o, como cadeira de banho;<br>&#8211; Proporcionar treinamento e orienta\u00e7\u00e3o do acompanhante\/ cuidador para conhecimento e habilidade de manejo dos cuidados requeridos;<br>&#8211; Estabelecer condutas de promo\u00e7\u00e3o de sa\u00fade, atrav\u00e9s de pr\u00e1ticas educativas.<\/p>\n\n\n\n<h1 class=\"wp-block-heading\" id=\"estimulacao-infantil\" style=\"font-size:25px\">Estimula\u00e7\u00e3o Infantil<\/h1>\n\n\n\n<p class=\"has-medium-font-size\">A estimula\u00e7\u00e3o precoce \u00e9 um termo que abrange uma variedade de est\u00edmulos para auxiliar o desenvolvimento motor e cognitivo de lactentes e crian\u00e7as. Pode ser definida como um programa de acompanhamento e tratamento multiprofissional para rec\u00e9m-nascidos de risco ou com alguma defici\u00eancia. A estimula\u00e7\u00e3o precoce objetiva o atendimento de crian\u00e7as de zero a tr\u00eas anos de idade, envolvendo tipicamente terapias tradicionais como fisioterapia, terapia ocupacional e fonoaudiologia.<\/p>\n\n\n\n<p class=\"has-medium-font-size\">Tem por objetivos minimizar os atrasos da motricidade grossa e fina, prevenir instabilidades articulares e deformidades \u00f3sseas e estimular o rec\u00e9m-nascido de risco que apresente condi\u00e7\u00f5es ou agravos de sa\u00fade que interfiram no seu desenvolvimento neuropsicomotor, como a prematuridade, a paralisia cerebral, doen\u00e7as cong\u00eanitas, entre outras. Para lactentes e crian\u00e7as com microcefalia, a estimula\u00e7\u00e3o precoce deve ser iniciada logo ap\u00f3s a constata\u00e7\u00e3o da mesma, buscando otimizar o desenvolvimento e prevenir ou minimizar sequelas e deformidades.<\/p>\n\n\n\n<h1 class=\"wp-block-heading\" id=\"orientacao-e-mobilidade\" style=\"font-size:25px\">Orienta\u00e7\u00e3o e Mobilidade<\/h1>\n\n\n\n<p class=\"has-medium-font-size\">A Orienta\u00e7\u00e3o e Mobilidade \u00e9 como um conjunto de capacidades e t\u00e9cnicas especificas que permitem \u00e0 pessoa com defici\u00eancia visual conhecer, relacionar-se e deslocar-se com independ\u00eancia. Entende-se por orienta\u00e7\u00e3o, o processo do uso dos sentidos para reconhecer e estabelecer sua posi\u00e7\u00e3o em rela\u00e7\u00e3o ao meio e a seu redor. A mobilidade \u00e9 o movimento realizado com seguran\u00e7a e efici\u00eancia atrav\u00e9s do emprego de t\u00e9cnicas apropriadas de explora\u00e7\u00e3o e prote\u00e7\u00e3o. O objetivo do programa de Orienta\u00e7\u00e3o e Mobilidade realizado na Pestalozzi Macei\u00f3 \u00e9 proporcionar experi\u00eancias de situa\u00e7\u00f5es que s\u00e3o normalmente vivenciadas no cotidiano do indiv\u00edduo, afim de se locomover com seguran\u00e7a e independ\u00eancia, como andar nas ruas e meios de transportes, por exemplo. As principais t\u00e9cnicas s\u00e3o: autoprote\u00e7\u00f5es, guia vidente e bengala longa. Promovendo assim, autonomia e inclus\u00e3o.<\/p>\n\n\n\n<figure class=\"wp-block-image size-large is-resized\"><img decoding=\"async\" src=\"https:\/\/pestalozzidemaceio.org.br\/web\/wp-content\/uploads\/2022\/02\/equoterapia-1024x427.png\" alt=\"\" class=\"wp-image-688\" width=\"1200\" srcset=\"https:\/\/pestalozzidemaceio.org.br\/web\/wp-content\/uploads\/2022\/02\/equoterapia-1024x427.png 1024w, https:\/\/pestalozzidemaceio.org.br\/web\/wp-content\/uploads\/2022\/02\/equoterapia-300x125.png 300w, https:\/\/pestalozzidemaceio.org.br\/web\/wp-content\/uploads\/2022\/02\/equoterapia-768x320.png 768w, https:\/\/pestalozzidemaceio.org.br\/web\/wp-content\/uploads\/2022\/02\/equoterapia.png 1200w\" sizes=\"(max-width: 1024px) 100vw, 1024px\" \/><\/figure>\n\n\n\n<p class=\"has-medium-font-size\">A Equoterapia \u00e9 um m\u00e9todo terap\u00eautico que utiliza o cavalo dentro de uma abordagem interdisciplinar nas \u00e1reas de sa\u00fade, educa\u00e7\u00e3o e equita\u00e7\u00e3o, buscando o desenvolvimento biopsicossocial de pessoas com defici\u00eancia e\/ou necessidades especiais. O cavalo, com seu movimento tridimensional, atua na facilita\u00e7\u00e3o neuromuscular e sensorial, que associada ao v\u00ednculo afetivo estabelecido entre o paciente, o cavalo e o terapeuta, contribui para o desenvolvimento das atividades motoras, cognitivas, sensoriais, psicol\u00f3gicas e sociocomunicativas das pessoas com defici\u00eancias e\/ou necessidades especiais.<\/p>\n\n\n\n\n\n<h1 class=\"wp-block-heading\" id=\"fisioterapia-aquatica\" style=\"font-size:25px;font-style:normal;font-weight:700\">Fisioterapia Aqu\u00e1tica<\/h1>\n\n\n\n<p class=\"has-medium-font-size\">A Fisioterapia Aqu\u00e1tica \u00e9 uma t\u00e9cnica de reabilita\u00e7\u00e3o, preven\u00e7\u00e3o e promo\u00e7\u00e3o da sa\u00fade atrav\u00e9s dos princ\u00edpios aqu\u00e1ticos. O objetivo \u00e9 intervir de forma n\u00e3o farmacol\u00f3gica nas principais patologias para que o paciente n\u00e3o precise de medica\u00e7\u00e3o ou cirurgias, tendo como principais benef\u00edcios, melhorar for\u00e7a muscular, espasticidade, melhorar circula\u00e7\u00e3o, aumentar condicionamento f\u00edsico, equilibro e coordena\u00e7\u00e3o motora, analgesia e promover relaxamento<\/p>\n","protected":false},"excerpt":{"rendered":"<p>O Centro Especializado em Reabilita\u00e7\u00e3o \u2014 CER IV \u2014 \u00e9 a \u00fanica unidade de atendimento \u00e0 pessoa com defici\u00eancia, habilitada pelo Minist\u00e9rio de Sa\u00fade, no estado de Alagoas, que oferece aos seus usu\u00e1rios as 04 (quatro) modalidades de reabilita\u00e7\u00e3o: intelectual, f\u00edsica, auditiva e visual (ou m\u00faltiplas). Seu principal objetivo \u00e9 ofertar atendimento integral ao cidad\u00e3o [&hellip;]<\/p>\n","protected":false},"author":1,"featured_media":0,"parent":0,"menu_order":0,"comment_status":"closed","ping_status":"closed","template":"","meta":{"footnotes":""},"class_list":["post-464","page","type-page","status-publish","hentry","entry"],"_links":{"self":[{"href":"https:\/\/pestalozzidemaceio.org.br\/web\/wp-json\/wp\/v2\/pages\/464","targetHints":{"allow":["GET"]}}],"collection":[{"href":"https:\/\/pestalozzidemaceio.org.br\/web\/wp-json\/wp\/v2\/pages"}],"about":[{"href":"https:\/\/pestalozzidemaceio.org.br\/web\/wp-json\/wp\/v2\/types\/page"}],"author":[{"embeddable":true,"href":"https:\/\/pestalozzidemaceio.org.br\/web\/wp-json\/wp\/v2\/users\/1"}],"replies":[{"embeddable":true,"href":"https:\/\/pestalozzidemaceio.org.br\/web\/wp-json\/wp\/v2\/comments?post=464"}],"version-history":[{"count":15,"href":"https:\/\/pestalozzidemaceio.org.br\/web\/wp-json\/wp\/v2\/pages\/464\/revisions"}],"predecessor-version":[{"id":779,"href":"https:\/\/pestalozzidemaceio.org.br\/web\/wp-json\/wp\/v2\/pages\/464\/revisions\/779"}],"wp:attachment":[{"href":"https:\/\/pestalozzidemaceio.org.br\/web\/wp-json\/wp\/v2\/media?parent=464"}],"curies":[{"name":"wp","href":"https:\/\/api.w.org\/{rel}","templated":true}]}}