{"id":468,"date":"2022-01-13T11:00:48","date_gmt":"2022-01-13T14:00:48","guid":{"rendered":"https:\/\/pestalozzidemaceio.org.br\/web\/?page_id=468"},"modified":"2022-04-20T15:09:09","modified_gmt":"2022-04-20T18:09:09","slug":"assistencia-social","status":"publish","type":"page","link":"https:\/\/pestalozzidemaceio.org.br\/web\/assistencia-social\/","title":{"rendered":"Assist\u00eancia Social"},"content":{"rendered":"\n<div class=\"wp-block-columns is-layout-flex wp-container-core-columns-is-layout-9d6595d7 wp-block-columns-is-layout-flex\">\n<div class=\"wp-block-column is-layout-flow wp-block-column-is-layout-flow\" style=\"flex-basis:100%\">\n<div class=\"wp-block-group\"><div class=\"wp-block-group__inner-container is-layout-flow wp-block-group-is-layout-flow\">\n<div class=\"wp-block-image\"><figure class=\"aligncenter size-large\"><img loading=\"lazy\" decoding=\"async\" width=\"1024\" height=\"225\" src=\"https:\/\/pestalozzidemaceio.org.br\/web\/wp-content\/uploads\/2022\/01\/assist-social-1024x225.png\" alt=\"\" class=\"wp-image-605\" srcset=\"https:\/\/pestalozzidemaceio.org.br\/web\/wp-content\/uploads\/2022\/01\/assist-social-1024x225.png 1024w, https:\/\/pestalozzidemaceio.org.br\/web\/wp-content\/uploads\/2022\/01\/assist-social-300x66.png 300w, https:\/\/pestalozzidemaceio.org.br\/web\/wp-content\/uploads\/2022\/01\/assist-social-768x169.png 768w, https:\/\/pestalozzidemaceio.org.br\/web\/wp-content\/uploads\/2022\/01\/assist-social.png 1200w\" sizes=\"auto, (max-width: 1024px) 100vw, 1024px\" \/><\/figure><\/div>\n<\/div><\/div>\n\n\n\n<figure class=\"wp-block-image size-large is-resized\"><img loading=\"lazy\" decoding=\"async\" src=\"https:\/\/pestalozzidemaceio.org.br\/web\/wp-content\/uploads\/2022\/01\/RESIDENCIA-1024x427.png\" alt=\"\" class=\"wp-image-608\" width=\"1200\" height=\"500\" srcset=\"https:\/\/pestalozzidemaceio.org.br\/web\/wp-content\/uploads\/2022\/01\/RESIDENCIA-1024x427.png 1024w, https:\/\/pestalozzidemaceio.org.br\/web\/wp-content\/uploads\/2022\/01\/RESIDENCIA-300x125.png 300w, https:\/\/pestalozzidemaceio.org.br\/web\/wp-content\/uploads\/2022\/01\/RESIDENCIA-768x320.png 768w, https:\/\/pestalozzidemaceio.org.br\/web\/wp-content\/uploads\/2022\/01\/RESIDENCIA.png 1200w\" sizes=\"auto, (max-width: 1200px) 100vw, 1200px\" \/><\/figure>\n\n\n\n<p class=\"has-medium-font-size\">A Resid\u00eancia Inclusiva \u00e9 uma unidade que oferta Servi\u00e7o de Acolhimento Institucional, no \u00e2mbito da Prote\u00e7\u00e3o Social Especial de Alta Complexidade do SUAS (Sistema \u00danico de Assist\u00eancia Social), para jovens e adultos com defici\u00eancia, em situa\u00e7\u00e3o de depend\u00eancia e que n\u00e3o disponham de condi\u00e7\u00f5es de autossutentabilidade ou de retaguarda familiar.<\/p>\n\n\n\n<figure class=\"wp-block-image size-large is-resized\"><img loading=\"lazy\" decoding=\"async\" src=\"https:\/\/pestalozzidemaceio.org.br\/web\/wp-content\/uploads\/2022\/01\/CENTRODIA-1024x427.png\" alt=\"\" class=\"wp-image-609\" width=\"1200\" height=\"501\" srcset=\"https:\/\/pestalozzidemaceio.org.br\/web\/wp-content\/uploads\/2022\/01\/CENTRODIA-1024x427.png 1024w, https:\/\/pestalozzidemaceio.org.br\/web\/wp-content\/uploads\/2022\/01\/CENTRODIA-300x125.png 300w, https:\/\/pestalozzidemaceio.org.br\/web\/wp-content\/uploads\/2022\/01\/CENTRODIA-768x320.png 768w, https:\/\/pestalozzidemaceio.org.br\/web\/wp-content\/uploads\/2022\/01\/CENTRODIA.png 1200w\" sizes=\"auto, (max-width: 1200px) 100vw, 1200px\" \/><\/figure>\n\n\n\n<p class=\"has-medium-font-size\">O Centro Dia \u00e9 uma unidade especializada de Prote\u00e7\u00e3o Social do SUAS (Sistema \u00danico de Assist\u00eancia Social), com atendimento diurno, a jovens e adultos com defici\u00eancia em situa\u00e7\u00e3o de depend\u00eancia.<\/p>\n\n\n\n<p class=\"has-medium-font-size\">O servi\u00e7o contribui para evitar o isolamento social da pessoa com defici\u00eancia, do cuidador familiar e outras situa\u00e7\u00f5es de risco e viola\u00e7\u00e3o de direitos, como a discrimina\u00e7\u00e3o, neglig\u00eancia, maus tratos, abandono, viol\u00eancia f\u00edsica e psicol\u00f3gica, uso indevido da imagem, conviv\u00eancia com a extrema pobreza, dentre outros riscos, construindo autonomia e fortalecendo o papel protetivo da fam\u00edlia.<\/p>\n<\/div>\n<\/div>\n\n\n\n<figure class=\"wp-block-image size-full is-resized\"><img loading=\"lazy\" decoding=\"async\" src=\"https:\/\/pestalozzidemaceio.org.br\/web\/wp-content\/uploads\/2022\/01\/NOVODESPERTAR.png\" alt=\"\" class=\"wp-image-610\" width=\"1200\" height=\"500\" srcset=\"https:\/\/pestalozzidemaceio.org.br\/web\/wp-content\/uploads\/2022\/01\/NOVODESPERTAR.png 1200w, https:\/\/pestalozzidemaceio.org.br\/web\/wp-content\/uploads\/2022\/01\/NOVODESPERTAR-300x125.png 300w, https:\/\/pestalozzidemaceio.org.br\/web\/wp-content\/uploads\/2022\/01\/NOVODESPERTAR-1024x427.png 1024w, https:\/\/pestalozzidemaceio.org.br\/web\/wp-content\/uploads\/2022\/01\/NOVODESPERTAR-768x320.png 768w\" sizes=\"auto, (max-width: 1200px) 100vw, 1200px\" \/><\/figure>\n\n\n\n<p class=\"has-medium-font-size\">O Centro de Conviv\u00eancia da Pessoa Idosa &#8211; Novo Despertar \u00e9 um servi\u00e7o de conviv\u00eancia e fortalecimento de v\u00ednculos \u2013 SCFV, reconhecido no Minist\u00e9rio da Cidadania. Seu objetivo \u00e9 a preven\u00e7\u00e3o de situa\u00e7\u00f5es de risco, por meio do desenvolvimento de potencialidades, aquisi\u00e7\u00f5es e fortalecimento de v\u00ednculos familiares\/comunit\u00e1rios. Esse servi\u00e7o acontece, prioritariamente, na unidade ambulatorial de alta e m\u00e9dia complexidade e se estende \u00e0s unidades nos bairros: Vergel, Village II  e Benedito Bentes.<\/p>\n\n\n\n<figure class=\"wp-block-image size-full is-resized\"><img loading=\"lazy\" decoding=\"async\" src=\"https:\/\/pestalozzidemaceio.org.br\/web\/wp-content\/uploads\/2022\/01\/CENTRO-DA-MULHER-1.png\" alt=\"\" class=\"wp-image-627\" width=\"1200\" height=\"500\" srcset=\"https:\/\/pestalozzidemaceio.org.br\/web\/wp-content\/uploads\/2022\/01\/CENTRO-DA-MULHER-1.png 1200w, https:\/\/pestalozzidemaceio.org.br\/web\/wp-content\/uploads\/2022\/01\/CENTRO-DA-MULHER-1-300x125.png 300w, https:\/\/pestalozzidemaceio.org.br\/web\/wp-content\/uploads\/2022\/01\/CENTRO-DA-MULHER-1-1024x427.png 1024w, https:\/\/pestalozzidemaceio.org.br\/web\/wp-content\/uploads\/2022\/01\/CENTRO-DA-MULHER-1-768x320.png 768w\" sizes=\"auto, (max-width: 1200px) 100vw, 1200px\" \/><\/figure>\n\n\n\n<p class=\"has-medium-font-size\">O Centro de Conviv\u00eancia da Mulher da Pestalozzi Macei\u00f3 foi criado, em parceria com o Minist\u00e9rio da Mulher, da Fam\u00edlia e dos Direitos Humanos, para oferecer atendimento qualificado \u00e0s mulheres em situa\u00e7\u00e3o de vulnerabilidade social, baixa renda, viol\u00eancia dom\u00e9stica e familiar, garantindo a defesa dos seus direitos. Em parceria com o SENAC, s\u00e3o ofertadas 120 vagas para a realiza\u00e7\u00e3o de cursos profissionalizantes gratuitos em diversas \u00e1reas.<\/p>\n\n\n\n<h1 class=\"wp-block-heading\" id=\"autodefensores\" style=\"font-size:25px\">Autodefensores<\/h1>\n\n\n\n<p class=\"has-medium-font-size\">O movimento de autodefensores tem como principal objetivo promover a autonomia individual, inclus\u00e3o social e liberdade dos atendidos na Associa\u00e7\u00e3o Pestalozzi de Macei\u00f3, para que possam fazer suas pr\u00f3prias escolhas e contribu\u00edrem em diversos assuntos relacionados ao cotidiano, como sua vida em comunidade, acesso aos servi\u00e7os e pol\u00edticas de sa\u00fade, educa\u00e7\u00e3o, assist\u00eancia, mercado de trabalho, cultura, lazer, transporte, entre outros.<\/p>\n\n\n\n<p class=\"has-medium-font-size\">O exerc\u00edcio da autodefensoria pelos atendidos se materializa na medida em que os mesmos possam expressar suas opini\u00f5es e participar ativamente nos processos decis\u00f3rios sobre aquilo que se refere a eles, por isso o lema: &#8220;Nada sobre n\u00f3s, sem n\u00f3s!&#8221;.<\/p>\n\n\n\n<h1 class=\"wp-block-heading\" id=\"autodefensores\" style=\"font-size:25px\">Momento da Inclus\u00e3o<\/h1>\n\n\n\n<p class=\"has-medium-font-size\">O Momento da Inclus\u00e3o \u00e9 um espa\u00e7o semanal na R\u00e1dio Difusora, do Instituto Zumbi dos Palmares, para divulga\u00e7\u00e3o dos servi\u00e7os ofertados pela Associa\u00e7\u00e3o Pestalozzi de Macei\u00f3 em prol da causa da pessoa com defici\u00eancia em geral, abordado temas ligados aos seus direitos, deveres, conquistas e avan\u00e7os.<\/p>\n\n\n\n<h2 class=\"wp-block-heading\" id=\"programa-do-leite\" style=\"font-size:25px\">M\u00e3es em Inclus\u00e3o<\/h2>\n\n\n\n<p class=\"has-medium-font-size\">O Centro de Conviv\u00eancia e Fortalecimento de V\u00ednculos &#8211; M\u00e3es em Inclus\u00e3o \u00e9 um conjunto de servi\u00e7os realizados em grupo, que busca complementar o trabalho social com fam\u00edlias e prevenir a ocorr\u00eancia de situa\u00e7\u00f5es de risco social. Al\u00e9m disso, fortalece as rela\u00e7\u00f5es familiares e comunit\u00e1rias e promove a integra\u00e7\u00e3o e a troca de experi\u00eancias entre os participantes, valorizando o sentido de vida coletiva.<\/p>\n\n\n\n<h2 class=\"wp-block-heading\" id=\"programa-do-leite\" style=\"font-size:25px\">Projeto Pestalozzi Solid\u00e1ria<\/h2>\n\n\n\n<p class=\"has-medium-font-size\">O Projeto Pestalozzi Solid\u00e1ria visa prestar servi\u00e7os e apoio \u00e0s fam\u00edlias atendidas na Associa\u00e7\u00e3o Pestalozzi de Macei\u00f3 que est\u00e3o inseridas em um contexto de calamidade p\u00fablica, uma situa\u00e7\u00e3o anormal provocada por desastres (naturais ou provocados), e que causam danos graves ou preju\u00edzos \u00e0 comunidade, amea\u00e7ando suas vidas.<\/p>\n\n\n\n<p class=\"has-medium-font-size\">Al\u00e9m disso, a Pestalozzi de Macei\u00f3, em parceria com outros \u00f3rg\u00e3os e entidades governamentais, oferece programas de assistencialismo para popula\u00e7\u00e3o em situa\u00e7\u00e3o de vulnerabilidade social, como o Programa do Leite e o Programa Mesa Brasil.<\/p>\n\n\n\n<h2 class=\"wp-block-heading\" id=\"programa-do-leite\" style=\"font-size:25px\">Programa do Leite<\/h2>\n\n\n\n<p class=\"has-medium-font-size\">O Programa do Leite, em parceria com a Secretaria de Agricultura do Estado de Alagoas, faz parte do Programa de Seguran\u00e7a Alimentar da Diretoria de Assist\u00eancia Social da nossa institui\u00e7\u00e3o, onde s\u00e3o atendidas 1.670 familias\u00a0. S\u00e3o 08 pontos de distribui\u00e7\u00e3o do leite, nas seguintes unidades: Aline de Moraes, Ambulat\u00f3rio, Aprendiz Pestalozzi, Jarede Viana, Judith Barreto do Amaral, Maria Aparecida e CAEE Genilda Porto, beneficiando cerca de 800 fam\u00edlias.<\/p>\n\n\n\n<h2 class=\"wp-block-heading\" style=\"font-size:25px\">Programa de A\u00e7\u00e3o Continuada<\/h2>\n\n\n\n<p class=\"has-medium-font-size\">\u00c9 um servi\u00e7o de atendimento especializado a 100 pessoas com defici\u00eancia com algum grau de depend\u00eancia, que tiveram suas limita\u00e7\u00f5es agravadas por viola\u00e7\u00f5es de direitos que intensificaram a situa\u00e7\u00e3o de depend\u00eancia e comprometeram o desenvolvimento da autonomia, a seus familiares e a seus cuidadores.<\/p>\n\n\n\n<h2 class=\"wp-block-heading\" id=\"programa-mesa-brasil\" style=\"font-size:25px\">Programa Mesa Brasil<\/h2>\n\n\n\n<p class=\"has-medium-font-size\">O Programa Mesa Brasil, em parceria com o SESC\/AL, atua com a\u00e7\u00f5es sistem\u00e1ticas no combate \u00e0 fome, evitando o desperd\u00edcio de alimentos, e no apoio social para diminui\u00e7\u00e3o das vulnerabilidades sociais.<\/p>\n","protected":false},"excerpt":{"rendered":"<p>A Resid\u00eancia Inclusiva \u00e9 uma unidade que oferta Servi\u00e7o de Acolhimento Institucional, no \u00e2mbito da Prote\u00e7\u00e3o Social Especial de Alta Complexidade do SUAS (Sistema \u00danico de Assist\u00eancia Social), para jovens e adultos com defici\u00eancia, em situa\u00e7\u00e3o de depend\u00eancia e que n\u00e3o disponham de condi\u00e7\u00f5es de autossutentabilidade ou de retaguarda familiar. O Centro Dia \u00e9 uma [&hellip;]<\/p>\n","protected":false},"author":1,"featured_media":0,"parent":0,"menu_order":0,"comment_status":"closed","ping_status":"closed","template":"","meta":{"footnotes":""},"class_list":["post-468","page","type-page","status-publish","hentry","entry"],"_links":{"self":[{"href":"https:\/\/pestalozzidemaceio.org.br\/web\/wp-json\/wp\/v2\/pages\/468","targetHints":{"allow":["GET"]}}],"collection":[{"href":"https:\/\/pestalozzidemaceio.org.br\/web\/wp-json\/wp\/v2\/pages"}],"about":[{"href":"https:\/\/pestalozzidemaceio.org.br\/web\/wp-json\/wp\/v2\/types\/page"}],"author":[{"embeddable":true,"href":"https:\/\/pestalozzidemaceio.org.br\/web\/wp-json\/wp\/v2\/users\/1"}],"replies":[{"embeddable":true,"href":"https:\/\/pestalozzidemaceio.org.br\/web\/wp-json\/wp\/v2\/comments?post=468"}],"version-history":[{"count":24,"href":"https:\/\/pestalozzidemaceio.org.br\/web\/wp-json\/wp\/v2\/pages\/468\/revisions"}],"predecessor-version":[{"id":791,"href":"https:\/\/pestalozzidemaceio.org.br\/web\/wp-json\/wp\/v2\/pages\/468\/revisions\/791"}],"wp:attachment":[{"href":"https:\/\/pestalozzidemaceio.org.br\/web\/wp-json\/wp\/v2\/media?parent=468"}],"curies":[{"name":"wp","href":"https:\/\/api.w.org\/{rel}","templated":true}]}}