{"id":737,"date":"2022-02-18T13:03:29","date_gmt":"2022-02-18T16:03:29","guid":{"rendered":"https:\/\/pestalozzidemaceio.org.br\/web\/?page_id=737"},"modified":"2022-04-19T16:10:17","modified_gmt":"2022-04-19T19:10:17","slug":"cultura","status":"publish","type":"page","link":"https:\/\/pestalozzidemaceio.org.br\/web\/cultura\/","title":{"rendered":"Cultura"},"content":{"rendered":"\n<figure class=\"wp-block-image size-large is-resized\"><img loading=\"lazy\" decoding=\"async\" src=\"https:\/\/pestalozzidemaceio.org.br\/web\/wp-content\/uploads\/2022\/04\/cultura-1024x225.png\" alt=\"\" class=\"wp-image-771\" width=\"1200\" height=\"263\" srcset=\"https:\/\/pestalozzidemaceio.org.br\/web\/wp-content\/uploads\/2022\/04\/cultura-1024x225.png 1024w, https:\/\/pestalozzidemaceio.org.br\/web\/wp-content\/uploads\/2022\/04\/cultura-300x66.png 300w, https:\/\/pestalozzidemaceio.org.br\/web\/wp-content\/uploads\/2022\/04\/cultura-768x169.png 768w, https:\/\/pestalozzidemaceio.org.br\/web\/wp-content\/uploads\/2022\/04\/cultura.png 1200w\" sizes=\"auto, (max-width: 1200px) 100vw, 1200px\" \/><\/figure>\n\n\n\n<figure class=\"wp-block-image size-large is-resized\"><img decoding=\"async\" src=\"https:\/\/pestalozzidemaceio.org.br\/web\/wp-content\/uploads\/2022\/02\/1-1024x427.png\" alt=\"\" class=\"wp-image-743\" width=\"1200\" srcset=\"https:\/\/pestalozzidemaceio.org.br\/web\/wp-content\/uploads\/2022\/02\/1-1024x427.png 1024w, https:\/\/pestalozzidemaceio.org.br\/web\/wp-content\/uploads\/2022\/02\/1-300x125.png 300w, https:\/\/pestalozzidemaceio.org.br\/web\/wp-content\/uploads\/2022\/02\/1-768x320.png 768w, https:\/\/pestalozzidemaceio.org.br\/web\/wp-content\/uploads\/2022\/02\/1.png 1200w\" sizes=\"(max-width: 1024px) 100vw, 1024px\" \/><\/figure>\n\n\n\n<p class=\"has-medium-font-size\">No que se refere \u00e0s atividades de cunho cultural, a Associa\u00e7\u00e3o Pestalozzi de Macei\u00f3 promove oficinas art\u00edsticas em diversas \u00e1reas: dan\u00e7a, teatro, capoeira, m\u00fasica, canto, percuss\u00e3o e artes pl\u00e1sticas. Por meio das atividades de incentivo \u00e0 arte e cultura local, estamos a difundir manifesta\u00e7\u00f5es art\u00edsticas do nosso Estado, mantendo vivas as tradi\u00e7\u00f5es de Alagoas. Nosso diferencial est\u00e1 em ter como protagonista pessoas com defici\u00eancia intelectual, f\u00edsica, auditiva e visual, e, por meio destas atividades, conseguir inser\u00ed-los e propagar os trabalhos realizados pelos mesmos, vencendo limites e conceitos pr\u00e9-estabelecidos pela sociedade.<\/p>\n\n\n\n<figure class=\"wp-block-image size-large is-resized\"><img decoding=\"async\" src=\"https:\/\/pestalozzidemaceio.org.br\/web\/wp-content\/uploads\/2022\/02\/2-1024x427.png\" alt=\"\" class=\"wp-image-744\" width=\"1200\" srcset=\"https:\/\/pestalozzidemaceio.org.br\/web\/wp-content\/uploads\/2022\/02\/2-1024x427.png 1024w, https:\/\/pestalozzidemaceio.org.br\/web\/wp-content\/uploads\/2022\/02\/2-300x125.png 300w, https:\/\/pestalozzidemaceio.org.br\/web\/wp-content\/uploads\/2022\/02\/2-768x320.png 768w, https:\/\/pestalozzidemaceio.org.br\/web\/wp-content\/uploads\/2022\/02\/2.png 1200w\" sizes=\"(max-width: 1024px) 100vw, 1024px\" \/><\/figure>\n\n\n\n<p class=\"has-medium-font-size\">A arte tem se tornado uma das mais expressivas e importantes ferramentas de trabalho na busca das transforma\u00e7\u00f5es sociais. Por meio dela, desenvolve-se a percep\u00e7\u00e3o, o controle emocional, o autoconhecimento e outros fatores t\u00e3o importantes para a constru\u00e7\u00e3o do indiv\u00edduo em forma\u00e7\u00e3o, levando em considera\u00e7\u00e3o que todos fazemos parte de um processo de constru\u00e7\u00e3o intermin\u00e1vel.<\/p>\n\n\n\n<p class=\"has-medium-font-size\">Al\u00e9m disso, tem o poder de transformar quem a pratica, servindo como um mecanismo para canalizar os sentimentos e trazendo um n\u00edvel de autoconhecimento para seus praticantes. Ela harmoniza a exist\u00eancia humana e ajuda a minimizar mazelas causadas pela tristeza e baixa autoestima, aspectos t\u00e3o comuns entre as pessoas com defici\u00eancia que devem ser superados.<\/p>\n\n\n\n<p class=\"has-medium-font-size\">Observando, com clareza, o seu papel no desenvolvimento da vida das pessoas, consideramos a execu\u00e7\u00e3o de projetos destinados ao trabalho em favor da inclus\u00e3o, dando possibilidade a crian\u00e7as, adolescentes e adultos com defici\u00eancia de pratic\u00e1-la em suas mais variadas formas de representa\u00e7\u00e3o.<\/p>\n\n\n\n<figure class=\"wp-block-image size-large is-resized\"><img decoding=\"async\" src=\"https:\/\/pestalozzidemaceio.org.br\/web\/wp-content\/uploads\/2022\/02\/5-1024x427.png\" alt=\"\" class=\"wp-image-745\" width=\"1200\" srcset=\"https:\/\/pestalozzidemaceio.org.br\/web\/wp-content\/uploads\/2022\/02\/5-1024x427.png 1024w, https:\/\/pestalozzidemaceio.org.br\/web\/wp-content\/uploads\/2022\/02\/5-300x125.png 300w, https:\/\/pestalozzidemaceio.org.br\/web\/wp-content\/uploads\/2022\/02\/5-768x320.png 768w, https:\/\/pestalozzidemaceio.org.br\/web\/wp-content\/uploads\/2022\/02\/5.png 1200w\" sizes=\"(max-width: 1024px) 100vw, 1024px\" \/><\/figure>\n\n\n\n<figure class=\"wp-block-image size-large is-resized\"><img decoding=\"async\" src=\"https:\/\/pestalozzidemaceio.org.br\/web\/wp-content\/uploads\/2022\/02\/3-1024x427.png\" alt=\"\" class=\"wp-image-746\" width=\"1200\" srcset=\"https:\/\/pestalozzidemaceio.org.br\/web\/wp-content\/uploads\/2022\/02\/3-1024x427.png 1024w, https:\/\/pestalozzidemaceio.org.br\/web\/wp-content\/uploads\/2022\/02\/3-300x125.png 300w, https:\/\/pestalozzidemaceio.org.br\/web\/wp-content\/uploads\/2022\/02\/3-768x320.png 768w, https:\/\/pestalozzidemaceio.org.br\/web\/wp-content\/uploads\/2022\/02\/3.png 1200w\" sizes=\"(max-width: 1024px) 100vw, 1024px\" \/><\/figure>\n\n\n\n<figure class=\"wp-block-image size-large is-resized\"><img decoding=\"async\" src=\"https:\/\/pestalozzidemaceio.org.br\/web\/wp-content\/uploads\/2022\/02\/4-1024x427.png\" alt=\"\" class=\"wp-image-747\" width=\"1200\" srcset=\"https:\/\/pestalozzidemaceio.org.br\/web\/wp-content\/uploads\/2022\/02\/4-1024x427.png 1024w, https:\/\/pestalozzidemaceio.org.br\/web\/wp-content\/uploads\/2022\/02\/4-300x125.png 300w, https:\/\/pestalozzidemaceio.org.br\/web\/wp-content\/uploads\/2022\/02\/4-768x320.png 768w, https:\/\/pestalozzidemaceio.org.br\/web\/wp-content\/uploads\/2022\/02\/4.png 1200w\" sizes=\"(max-width: 1024px) 100vw, 1024px\" \/><\/figure>\n\n\n\n<p class=\"has-medium-font-size\">O setor cultural da Associa\u00e7\u00e3o Pestalozzi de Macei\u00f3 potencializa as atividades art\u00edsticas das pessoas com defici\u00eancia e contribui para o seu reposicionamento perante a sociedade, mostrando que somos todos capazes, mesmo diante das adversidades.<\/p>\n\n\n\n<p class=\"has-medium-font-size\">Para al\u00e9m da pr\u00e1tica de atividades art\u00edsticas, as a\u00e7\u00f5es culturais fomentam a forma\u00e7\u00e3o de grupos art\u00edsticos para manter viva a identidade folcl\u00f3rica de Alagoas. Trabalha com arte de forma pedag\u00f3gica, terap\u00eautica e profissionalizante, no intuito de n\u00e3o apenas formar novas plateias, mas o interesse de formar cidad\u00e3os mais cr\u00edticos, conscientes de seus direitos e inseridos socialmente no contexto cultural, revelando que a arte \u00e9 uma das principais e mais importantes fontes de transforma\u00e7\u00f5es sociais.<\/p>\n\n\n\n<figure class=\"wp-block-image size-large is-resized\"><img decoding=\"async\" src=\"https:\/\/pestalozzidemaceio.org.br\/web\/wp-content\/uploads\/2022\/02\/6-1024x427.png\" alt=\"\" class=\"wp-image-748\" width=\"1200\" srcset=\"https:\/\/pestalozzidemaceio.org.br\/web\/wp-content\/uploads\/2022\/02\/6-1024x427.png 1024w, https:\/\/pestalozzidemaceio.org.br\/web\/wp-content\/uploads\/2022\/02\/6-300x125.png 300w, https:\/\/pestalozzidemaceio.org.br\/web\/wp-content\/uploads\/2022\/02\/6-768x320.png 768w, https:\/\/pestalozzidemaceio.org.br\/web\/wp-content\/uploads\/2022\/02\/6.png 1200w\" sizes=\"(max-width: 1024px) 100vw, 1024px\" \/><\/figure>\n","protected":false},"excerpt":{"rendered":"<p>No que se refere \u00e0s atividades de cunho cultural, a Associa\u00e7\u00e3o Pestalozzi de Macei\u00f3 promove oficinas art\u00edsticas em diversas \u00e1reas: dan\u00e7a, teatro, capoeira, m\u00fasica, canto, percuss\u00e3o e artes pl\u00e1sticas. Por meio das atividades de incentivo \u00e0 arte e cultura local, estamos a difundir manifesta\u00e7\u00f5es art\u00edsticas do nosso Estado, mantendo vivas as tradi\u00e7\u00f5es de Alagoas. Nosso [&hellip;]<\/p>\n","protected":false},"author":1,"featured_media":0,"parent":0,"menu_order":0,"comment_status":"closed","ping_status":"closed","template":"","meta":{"footnotes":""},"class_list":["post-737","page","type-page","status-publish","hentry","entry"],"_links":{"self":[{"href":"https:\/\/pestalozzidemaceio.org.br\/web\/wp-json\/wp\/v2\/pages\/737","targetHints":{"allow":["GET"]}}],"collection":[{"href":"https:\/\/pestalozzidemaceio.org.br\/web\/wp-json\/wp\/v2\/pages"}],"about":[{"href":"https:\/\/pestalozzidemaceio.org.br\/web\/wp-json\/wp\/v2\/types\/page"}],"author":[{"embeddable":true,"href":"https:\/\/pestalozzidemaceio.org.br\/web\/wp-json\/wp\/v2\/users\/1"}],"replies":[{"embeddable":true,"href":"https:\/\/pestalozzidemaceio.org.br\/web\/wp-json\/wp\/v2\/comments?post=737"}],"version-history":[{"count":5,"href":"https:\/\/pestalozzidemaceio.org.br\/web\/wp-json\/wp\/v2\/pages\/737\/revisions"}],"predecessor-version":[{"id":782,"href":"https:\/\/pestalozzidemaceio.org.br\/web\/wp-json\/wp\/v2\/pages\/737\/revisions\/782"}],"wp:attachment":[{"href":"https:\/\/pestalozzidemaceio.org.br\/web\/wp-json\/wp\/v2\/media?parent=737"}],"curies":[{"name":"wp","href":"https:\/\/api.w.org\/{rel}","templated":true}]}}