{"id":740,"date":"2022-02-24T13:48:04","date_gmt":"2022-02-24T16:48:04","guid":{"rendered":"https:\/\/pestalozzidemaceio.org.br\/web\/?page_id=740"},"modified":"2022-04-08T10:53:22","modified_gmt":"2022-04-08T13:53:22","slug":"como-nos-ajudar","status":"publish","type":"page","link":"https:\/\/pestalozzidemaceio.org.br\/web\/como-nos-ajudar\/","title":{"rendered":"Como nos ajudar"},"content":{"rendered":"\n<figure class=\"wp-block-image size-large\"><img loading=\"lazy\" decoding=\"async\" width=\"1024\" height=\"225\" src=\"https:\/\/pestalozzidemaceio.org.br\/web\/wp-content\/uploads\/2022\/02\/como-nos-ajudar-1024x225.png\" alt=\"\" class=\"wp-image-758\" srcset=\"https:\/\/pestalozzidemaceio.org.br\/web\/wp-content\/uploads\/2022\/02\/como-nos-ajudar-1024x225.png 1024w, https:\/\/pestalozzidemaceio.org.br\/web\/wp-content\/uploads\/2022\/02\/como-nos-ajudar-300x66.png 300w, https:\/\/pestalozzidemaceio.org.br\/web\/wp-content\/uploads\/2022\/02\/como-nos-ajudar-768x169.png 768w, https:\/\/pestalozzidemaceio.org.br\/web\/wp-content\/uploads\/2022\/02\/como-nos-ajudar.png 1200w\" sizes=\"auto, (max-width: 1024px) 100vw, 1024px\" \/><\/figure>\n\n\n\n<p class=\"has-medium-font-size\">O telemarketing \u00e9 um servi\u00e7o de capta\u00e7\u00e3o de recursos que liga a sociedade ao trabalho realizado pela Associa\u00e7\u00e3o Pestalozzi de Macei\u00f3 em prol da pessoa com defici\u00eancia, divulgando as a\u00e7\u00f5es promovidas e desenvolvidas pela institui\u00e7\u00e3o. Atrav\u00e9s de telefonemas, convidamos a sociedade a tornar-se s\u00f3cios-contribuintes, participando ativamente da melhoria da qualidade de vida dos nossos usu\u00e1rios, que v\u00e3o de beb\u00eas at\u00e9 idosos, e que se beneficiam pelos nossos diversos programas.<\/p>\n\n\n\n<p class=\"has-medium-font-size\">As contribui\u00e7\u00f5es podem ser espont\u00e2neas ou agendadas, toda ajuda \u00e9 bem-vinda. Ambas podem ser feitas atrav\u00e9s de transfer\u00eancia banc\u00e1ria, para as contas da Caixa e Banco do Brasil, ou Pix da institui\u00e7\u00e3o, cart\u00e3o de cr\u00e9dito e mensageiros autorizados a recolher pessoalmente a doa\u00e7\u00e3o na porta da sua casa.<\/p>\n\n\n\n<p class=\"has-medium-font-size\">As contas banc\u00e1rias s\u00e3o as seguintes:<\/p>\n\n\n\n<div class=\"wp-block-image\"><figure class=\"aligncenter size-large\"><img loading=\"lazy\" decoding=\"async\" width=\"1024\" height=\"427\" src=\"https:\/\/pestalozzidemaceio.org.br\/web\/wp-content\/uploads\/2022\/04\/telemarketing-1024x427.png\" alt=\"\" class=\"wp-image-773\" srcset=\"https:\/\/pestalozzidemaceio.org.br\/web\/wp-content\/uploads\/2022\/04\/telemarketing-1024x427.png 1024w, https:\/\/pestalozzidemaceio.org.br\/web\/wp-content\/uploads\/2022\/04\/telemarketing-300x125.png 300w, https:\/\/pestalozzidemaceio.org.br\/web\/wp-content\/uploads\/2022\/04\/telemarketing-768x320.png 768w, https:\/\/pestalozzidemaceio.org.br\/web\/wp-content\/uploads\/2022\/04\/telemarketing.png 1200w\" sizes=\"auto, (max-width: 1024px) 100vw, 1024px\" \/><\/figure><\/div>\n","protected":false},"excerpt":{"rendered":"<p>O telemarketing \u00e9 um servi\u00e7o de capta\u00e7\u00e3o de recursos que liga a sociedade ao trabalho realizado pela Associa\u00e7\u00e3o Pestalozzi de Macei\u00f3 em prol da pessoa com defici\u00eancia, divulgando as a\u00e7\u00f5es promovidas e desenvolvidas pela institui\u00e7\u00e3o. Atrav\u00e9s de telefonemas, convidamos a sociedade a tornar-se s\u00f3cios-contribuintes, participando ativamente da melhoria da qualidade de vida dos nossos usu\u00e1rios, [&hellip;]<\/p>\n","protected":false},"author":1,"featured_media":0,"parent":0,"menu_order":0,"comment_status":"closed","ping_status":"closed","template":"","meta":{"footnotes":""},"class_list":["post-740","page","type-page","status-publish","hentry","entry"],"_links":{"self":[{"href":"https:\/\/pestalozzidemaceio.org.br\/web\/wp-json\/wp\/v2\/pages\/740","targetHints":{"allow":["GET"]}}],"collection":[{"href":"https:\/\/pestalozzidemaceio.org.br\/web\/wp-json\/wp\/v2\/pages"}],"about":[{"href":"https:\/\/pestalozzidemaceio.org.br\/web\/wp-json\/wp\/v2\/types\/page"}],"author":[{"embeddable":true,"href":"https:\/\/pestalozzidemaceio.org.br\/web\/wp-json\/wp\/v2\/users\/1"}],"replies":[{"embeddable":true,"href":"https:\/\/pestalozzidemaceio.org.br\/web\/wp-json\/wp\/v2\/comments?post=740"}],"version-history":[{"count":6,"href":"https:\/\/pestalozzidemaceio.org.br\/web\/wp-json\/wp\/v2\/pages\/740\/revisions"}],"predecessor-version":[{"id":774,"href":"https:\/\/pestalozzidemaceio.org.br\/web\/wp-json\/wp\/v2\/pages\/740\/revisions\/774"}],"wp:attachment":[{"href":"https:\/\/pestalozzidemaceio.org.br\/web\/wp-json\/wp\/v2\/media?parent=740"}],"curies":[{"name":"wp","href":"https:\/\/api.w.org\/{rel}","templated":true}]}}