{"id":808,"date":"2023-03-24T15:26:26","date_gmt":"2023-03-24T18:26:26","guid":{"rendered":"https:\/\/pestalozzidemaceio.org.br\/web\/?page_id=808"},"modified":"2023-05-15T11:08:52","modified_gmt":"2023-05-15T14:08:52","slug":"cursos","status":"publish","type":"page","link":"https:\/\/pestalozzidemaceio.org.br\/web\/cursos\/","title":{"rendered":"CURSOS"},"content":{"rendered":"\n<p><strong>INSCRI\u00c7\u00d5ES ABERTAS<\/strong><\/p>\n\n\n\n<figure class=\"wp-block-image size-large\"><a href=\"https:\/\/docs.google.com\/forms\/d\/e\/1FAIpQLSdyl6L2KGAf8aOsiNnn1_JDnrfB2Hk8eoRyODg9E5lvh8hWrA\/viewform\"><img loading=\"lazy\" decoding=\"async\" width=\"768\" height=\"1024\" src=\"https:\/\/pestalozzidemaceio.org.br\/web\/wp-content\/uploads\/2023\/05\/Inscricoes-Aprendiz2-768x1024.png\" alt=\"\" class=\"wp-image-839\" srcset=\"https:\/\/pestalozzidemaceio.org.br\/web\/wp-content\/uploads\/2023\/05\/Inscricoes-Aprendiz2-768x1024.png 768w, https:\/\/pestalozzidemaceio.org.br\/web\/wp-content\/uploads\/2023\/05\/Inscricoes-Aprendiz2-225x300.png 225w, https:\/\/pestalozzidemaceio.org.br\/web\/wp-content\/uploads\/2023\/05\/Inscricoes-Aprendiz2.png 960w\" sizes=\"auto, (max-width: 768px) 100vw, 768px\" \/><\/a><\/figure>\n\n\n\n<p><a href=\"https:\/\/docs.google.com\/forms\/d\/e\/1FAIpQLSdyl6L2KGAf8aOsiNnn1_JDnrfB2Hk8eoRyODg9E5lvh8hWrA\/viewform\">INSCREVA-SE AQUI!<\/a><\/p>\n\n\n\n<p><\/p>\n\n\n\n<p><\/p>\n\n\n\n<p><\/p>\n\n\n\n<p><\/p>\n\n\n\n<p><\/p>\n\n\n\n<p><\/p>\n\n\n\n<p><\/p>\n\n\n\n<p><strong>INSCRI\u00c7\u00d4ES ENCERRADAS<\/strong><\/p>\n\n\n\n<figure class=\"wp-block-image size-large\"><img loading=\"lazy\" decoding=\"async\" width=\"614\" height=\"1024\" src=\"https:\/\/pestalozzidemaceio.org.br\/web\/wp-content\/uploads\/2023\/05\/convite-614x1024.png\" alt=\"\" class=\"wp-image-828\" srcset=\"https:\/\/pestalozzidemaceio.org.br\/web\/wp-content\/uploads\/2023\/05\/convite-614x1024.png 614w, https:\/\/pestalozzidemaceio.org.br\/web\/wp-content\/uploads\/2023\/05\/convite-180x300.png 180w, https:\/\/pestalozzidemaceio.org.br\/web\/wp-content\/uploads\/2023\/05\/convite-768x1280.png 768w, https:\/\/pestalozzidemaceio.org.br\/web\/wp-content\/uploads\/2023\/05\/convite-922x1536.png 922w, https:\/\/pestalozzidemaceio.org.br\/web\/wp-content\/uploads\/2023\/05\/convite-1229x2048.png 1229w, https:\/\/pestalozzidemaceio.org.br\/web\/wp-content\/uploads\/2023\/05\/convite.png 1701w\" sizes=\"auto, (max-width: 614px) 100vw, 614px\" \/><\/figure>\n\n\n\n<p>Segue abaixo os nomes das 60 selecionadas para o curso:<\/p>\n\n\n\n<p>Adriana Bezerra dos Santos Lima<br>Adriana dia santos farias Cardoso de Barros<br>Alessandra do Nascimento Lima<br>Aline da Silva<br>Ana Karla Martins de Oliveira<br>Andressa Micaelle Soares Moreira<br>Cicera Fernandes da Silva<br>Cristina Moises da Silva<br>Dayanne Vit\u00f3ria de Mendon\u00e7a<br>Deise Rafaelle de Omena Nic\u00e1cio<br>Edilania Pereira dos Santos<br>Edlanny do Nascimento Pereira<br>Edna Souza da Silva<br>ELLEN N\u00daBYA ALVES GOMES<br>Evelyn Lav\u00ednia Batista dos Santos<br>Fabilene Galdino da Silva<br>Gleice da Rocha Veira<br>Isabela dos Santos Silva<br>Janadeje De Oliveira Barbosa<br>J\u00e9ssica dos Santos Pureza<br>J\u00e9ssica Nogueira dos Santos<br>Joelma Monteiro da Silva<br>J\u00falia vit\u00f3ria Rodrigues lino da Silva<br>Juliana Soares de Lima<br>Kamila Ivany vieira ara\u00fajo Lins<br>Larissa Torres Oliveira de Andrade<br>Laura Salete Beserra<br>Lenicassia dos Santos Santana<br>Marcia de oliveira santos<br>Marcia Maria Batinga<br>M\u00e1rcia Maria batinga de Oliveira<br>Marciara Alves da Silva<br>Mari Clara Ferreira Da Silva<br>Maria de F\u00e1tima Angelo<br>Maria de F\u00e1tima de Souza<br>Maria gabrielly da Silva firmo<br>Maria Jos\u00e9 dos santos silva de oliveira<br>Maria Jos\u00e9 Martiliano da Silva<br>Maria santos de Oliveira<br>Maria Telma<br>M\u00f4nica dos santos<br>M\u00f4nica Larissa Monteiro de Freitas<br>Monik Lark Monteiro de Freitas<br>Naieny Melo de Oliveira<br>Priscila da Silva santos<br>RAFAELLA SANTOS GOIS<br>Raquel Pereira dos Santos<br>Rosiane Santos Costa<br>Rosiclerit bezerra da silva<br>Rosileide da Silva Souza<br>Rosilene da Silva<br>Samanda Ramiro da Silva<br>Sheyla nubia Pereira da silva<br>Sueli Maria Rom\u00e3o dos Santos<br>Tais barbosa vieira da silva<br>Taise Aleixo de Oliveira<br>Valqu\u00edria de carvalho miraandaa<br>Vanessa Mendon\u00e7a da Silva Lopes<br>VIviane De souza Ferreira Lima<br>Yasmin Barbosa Alves Martins<\/p>\n","protected":false},"excerpt":{"rendered":"<p>INSCRI\u00c7\u00d5ES ABERTAS INSCREVA-SE AQUI! INSCRI\u00c7\u00d4ES ENCERRADAS Segue abaixo os nomes das 60 selecionadas para o curso: Adriana Bezerra dos Santos LimaAdriana dia santos farias Cardoso de BarrosAlessandra do Nascimento LimaAline da SilvaAna Karla Martins de OliveiraAndressa Micaelle Soares MoreiraCicera Fernandes da SilvaCristina Moises da SilvaDayanne Vit\u00f3ria de Mendon\u00e7aDeise Rafaelle de Omena Nic\u00e1cioEdilania Pereira dos SantosEdlanny [&hellip;]<\/p>\n","protected":false},"author":3,"featured_media":0,"parent":0,"menu_order":0,"comment_status":"closed","ping_status":"closed","template":"","meta":{"footnotes":""},"class_list":["post-808","page","type-page","status-publish","hentry","entry"],"_links":{"self":[{"href":"https:\/\/pestalozzidemaceio.org.br\/web\/wp-json\/wp\/v2\/pages\/808","targetHints":{"allow":["GET"]}}],"collection":[{"href":"https:\/\/pestalozzidemaceio.org.br\/web\/wp-json\/wp\/v2\/pages"}],"about":[{"href":"https:\/\/pestalozzidemaceio.org.br\/web\/wp-json\/wp\/v2\/types\/page"}],"author":[{"embeddable":true,"href":"https:\/\/pestalozzidemaceio.org.br\/web\/wp-json\/wp\/v2\/users\/3"}],"replies":[{"embeddable":true,"href":"https:\/\/pestalozzidemaceio.org.br\/web\/wp-json\/wp\/v2\/comments?post=808"}],"version-history":[{"count":13,"href":"https:\/\/pestalozzidemaceio.org.br\/web\/wp-json\/wp\/v2\/pages\/808\/revisions"}],"predecessor-version":[{"id":840,"href":"https:\/\/pestalozzidemaceio.org.br\/web\/wp-json\/wp\/v2\/pages\/808\/revisions\/840"}],"wp:attachment":[{"href":"https:\/\/pestalozzidemaceio.org.br\/web\/wp-json\/wp\/v2\/media?parent=808"}],"curies":[{"name":"wp","href":"https:\/\/api.w.org\/{rel}","templated":true}]}}