{"id":848,"date":"2024-11-11T13:30:18","date_gmt":"2024-11-11T16:30:18","guid":{"rendered":"https:\/\/pestalozzidemaceio.org.br\/web\/?page_id=848"},"modified":"2024-12-11T17:28:15","modified_gmt":"2024-12-11T20:28:15","slug":"projetos","status":"publish","type":"page","link":"https:\/\/pestalozzidemaceio.org.br\/web\/projetos\/","title":{"rendered":"Projetos >"},"content":{"rendered":"\n<p><\/p>\n\n\n\n<p><strong>Projetos em Parceria com os Minist\u00e9rios do Governo Federal <\/strong><\/p>\n\n\n\n<p>A Pestalozzi de Macei\u00f3 atua em conjunto com diversos minist\u00e9rios e entidades governamentais para promover o desenvolvimento e a inclus\u00e3o social de pessoas com defici\u00eancia. Atrav\u00e9s dessas parcerias, buscamos ampliar o alcance de nossas a\u00e7\u00f5es e garantir que nossos projetos atendam de forma eficaz \u00e0s necessidades da comunidade.<\/p>\n\n\n\n<p><\/p>\n\n\n\n<p><\/p>\n\n\n\n<p><\/p>\n\n\n\n<p><strong>Mulher, aprender para empreender <\/strong><\/p>\n\n\n\n<figure class=\"wp-block-image size-large is-resized\"><img loading=\"lazy\" decoding=\"async\" width=\"1024\" height=\"1024\" src=\"https:\/\/pestalozzidemaceio.org.br\/web\/wp-content\/uploads\/2024\/11\/Branco-Simples-Vertical-Seu-Story-Post-para-Instagram-1-1024x1024.png\" alt=\"\" class=\"wp-image-854\" style=\"width:381px;height:auto\" srcset=\"https:\/\/pestalozzidemaceio.org.br\/web\/wp-content\/uploads\/2024\/11\/Branco-Simples-Vertical-Seu-Story-Post-para-Instagram-1-1024x1024.png 1024w, https:\/\/pestalozzidemaceio.org.br\/web\/wp-content\/uploads\/2024\/11\/Branco-Simples-Vertical-Seu-Story-Post-para-Instagram-1-300x300.png 300w, https:\/\/pestalozzidemaceio.org.br\/web\/wp-content\/uploads\/2024\/11\/Branco-Simples-Vertical-Seu-Story-Post-para-Instagram-1-150x150.png 150w, https:\/\/pestalozzidemaceio.org.br\/web\/wp-content\/uploads\/2024\/11\/Branco-Simples-Vertical-Seu-Story-Post-para-Instagram-1-768x768.png 768w, https:\/\/pestalozzidemaceio.org.br\/web\/wp-content\/uploads\/2024\/11\/Branco-Simples-Vertical-Seu-Story-Post-para-Instagram-1-1536x1536.png 1536w, https:\/\/pestalozzidemaceio.org.br\/web\/wp-content\/uploads\/2024\/11\/Branco-Simples-Vertical-Seu-Story-Post-para-Instagram-1-2048x2048.png 2048w\" sizes=\"auto, (max-width: 1024px) 100vw, 1024px\" \/><\/figure>\n\n\n\n<p><strong>Objeto do Instrumento<\/strong>: Ofertar cursos profissionalizantes para mulheres, residentes na cidade de Macei\u00f3\/AL <\/p>\n\n\n\n<p><strong>P\u00fablico alvo:<\/strong> Mulheres a partir de 18 anos de idade, residentes na cidade de Macei\u00f3\/AL.<\/p>\n\n\n\n<figure class=\"wp-block-gallery has-nested-images columns-default is-cropped wp-block-gallery-1 is-layout-flex wp-block-gallery-is-layout-flex\">\n<figure class=\"wp-block-image size-large\"><img loading=\"lazy\" decoding=\"async\" width=\"1024\" height=\"768\" data-id=\"858\" src=\"https:\/\/pestalozzidemaceio.org.br\/web\/wp-content\/uploads\/2024\/11\/WhatsApp-Image-2024-11-21-at-15.02.41-1024x768.jpeg\" alt=\"\" class=\"wp-image-858\" srcset=\"https:\/\/pestalozzidemaceio.org.br\/web\/wp-content\/uploads\/2024\/11\/WhatsApp-Image-2024-11-21-at-15.02.41-1024x768.jpeg 1024w, https:\/\/pestalozzidemaceio.org.br\/web\/wp-content\/uploads\/2024\/11\/WhatsApp-Image-2024-11-21-at-15.02.41-300x225.jpeg 300w, https:\/\/pestalozzidemaceio.org.br\/web\/wp-content\/uploads\/2024\/11\/WhatsApp-Image-2024-11-21-at-15.02.41-768x576.jpeg 768w, https:\/\/pestalozzidemaceio.org.br\/web\/wp-content\/uploads\/2024\/11\/WhatsApp-Image-2024-11-21-at-15.02.41-1536x1152.jpeg 1536w, https:\/\/pestalozzidemaceio.org.br\/web\/wp-content\/uploads\/2024\/11\/WhatsApp-Image-2024-11-21-at-15.02.41.jpeg 1600w\" sizes=\"auto, (max-width: 1024px) 100vw, 1024px\" \/><\/figure>\n\n\n\n<figure class=\"wp-block-image size-large\"><img loading=\"lazy\" decoding=\"async\" width=\"768\" height=\"1024\" data-id=\"859\" src=\"https:\/\/pestalozzidemaceio.org.br\/web\/wp-content\/uploads\/2024\/11\/WhatsApp-Image-2024-11-21-at-15.02.42-768x1024.jpeg\" alt=\"\" class=\"wp-image-859\" srcset=\"https:\/\/pestalozzidemaceio.org.br\/web\/wp-content\/uploads\/2024\/11\/WhatsApp-Image-2024-11-21-at-15.02.42-768x1024.jpeg 768w, https:\/\/pestalozzidemaceio.org.br\/web\/wp-content\/uploads\/2024\/11\/WhatsApp-Image-2024-11-21-at-15.02.42-225x300.jpeg 225w, https:\/\/pestalozzidemaceio.org.br\/web\/wp-content\/uploads\/2024\/11\/WhatsApp-Image-2024-11-21-at-15.02.42-1152x1536.jpeg 1152w, https:\/\/pestalozzidemaceio.org.br\/web\/wp-content\/uploads\/2024\/11\/WhatsApp-Image-2024-11-21-at-15.02.42.jpeg 1200w\" sizes=\"auto, (max-width: 768px) 100vw, 768px\" \/><\/figure>\n\n\n\n<figure class=\"wp-block-image size-large\"><img loading=\"lazy\" decoding=\"async\" width=\"768\" height=\"1024\" data-id=\"860\" src=\"https:\/\/pestalozzidemaceio.org.br\/web\/wp-content\/uploads\/2024\/11\/WhatsApp-Image-2024-11-21-at-15.02.43-768x1024.jpeg\" alt=\"\" class=\"wp-image-860\" srcset=\"https:\/\/pestalozzidemaceio.org.br\/web\/wp-content\/uploads\/2024\/11\/WhatsApp-Image-2024-11-21-at-15.02.43-768x1024.jpeg 768w, https:\/\/pestalozzidemaceio.org.br\/web\/wp-content\/uploads\/2024\/11\/WhatsApp-Image-2024-11-21-at-15.02.43-225x300.jpeg 225w, https:\/\/pestalozzidemaceio.org.br\/web\/wp-content\/uploads\/2024\/11\/WhatsApp-Image-2024-11-21-at-15.02.43-1152x1536.jpeg 1152w, https:\/\/pestalozzidemaceio.org.br\/web\/wp-content\/uploads\/2024\/11\/WhatsApp-Image-2024-11-21-at-15.02.43.jpeg 1200w\" sizes=\"auto, (max-width: 768px) 100vw, 768px\" \/><\/figure>\n\n\n\n<figure class=\"wp-block-image size-large\"><img loading=\"lazy\" decoding=\"async\" width=\"1024\" height=\"768\" data-id=\"862\" src=\"https:\/\/pestalozzidemaceio.org.br\/web\/wp-content\/uploads\/2024\/11\/WhatsApp-Image-2024-11-21-at-15.02.38-1024x768.jpeg\" alt=\"\" class=\"wp-image-862\" srcset=\"https:\/\/pestalozzidemaceio.org.br\/web\/wp-content\/uploads\/2024\/11\/WhatsApp-Image-2024-11-21-at-15.02.38-1024x768.jpeg 1024w, https:\/\/pestalozzidemaceio.org.br\/web\/wp-content\/uploads\/2024\/11\/WhatsApp-Image-2024-11-21-at-15.02.38-300x225.jpeg 300w, https:\/\/pestalozzidemaceio.org.br\/web\/wp-content\/uploads\/2024\/11\/WhatsApp-Image-2024-11-21-at-15.02.38-768x576.jpeg 768w, https:\/\/pestalozzidemaceio.org.br\/web\/wp-content\/uploads\/2024\/11\/WhatsApp-Image-2024-11-21-at-15.02.38-1536x1152.jpeg 1536w, https:\/\/pestalozzidemaceio.org.br\/web\/wp-content\/uploads\/2024\/11\/WhatsApp-Image-2024-11-21-at-15.02.38.jpeg 1600w\" sizes=\"auto, (max-width: 1024px) 100vw, 1024px\" \/><\/figure>\n\n\n\n<figure class=\"wp-block-image size-large\"><img loading=\"lazy\" decoding=\"async\" width=\"1024\" height=\"768\" data-id=\"861\" src=\"https:\/\/pestalozzidemaceio.org.br\/web\/wp-content\/uploads\/2024\/11\/WhatsApp-Image-2024-11-21-at-15.02.40-1024x768.jpeg\" alt=\"\" class=\"wp-image-861\" srcset=\"https:\/\/pestalozzidemaceio.org.br\/web\/wp-content\/uploads\/2024\/11\/WhatsApp-Image-2024-11-21-at-15.02.40-1024x768.jpeg 1024w, https:\/\/pestalozzidemaceio.org.br\/web\/wp-content\/uploads\/2024\/11\/WhatsApp-Image-2024-11-21-at-15.02.40-300x225.jpeg 300w, https:\/\/pestalozzidemaceio.org.br\/web\/wp-content\/uploads\/2024\/11\/WhatsApp-Image-2024-11-21-at-15.02.40-768x576.jpeg 768w, https:\/\/pestalozzidemaceio.org.br\/web\/wp-content\/uploads\/2024\/11\/WhatsApp-Image-2024-11-21-at-15.02.40-1536x1152.jpeg 1536w, https:\/\/pestalozzidemaceio.org.br\/web\/wp-content\/uploads\/2024\/11\/WhatsApp-Image-2024-11-21-at-15.02.40.jpeg 1600w\" sizes=\"auto, (max-width: 1024px) 100vw, 1024px\" \/><\/figure>\n<\/figure>\n\n\n\n<p><\/p>\n\n\n\n<p><\/p>\n\n\n\n<p><\/p>\n","protected":false},"excerpt":{"rendered":"<p>Projetos em Parceria com os Minist\u00e9rios do Governo Federal A Pestalozzi de Macei\u00f3 atua em conjunto com diversos minist\u00e9rios e entidades governamentais para promover o desenvolvimento e a inclus\u00e3o social de pessoas com defici\u00eancia. Atrav\u00e9s dessas parcerias, buscamos ampliar o alcance de nossas a\u00e7\u00f5es e garantir que nossos projetos atendam de forma eficaz \u00e0s necessidades [&hellip;]<\/p>\n","protected":false},"author":3,"featured_media":0,"parent":0,"menu_order":0,"comment_status":"closed","ping_status":"closed","template":"","meta":{"footnotes":""},"class_list":["post-848","page","type-page","status-publish","hentry","entry"],"_links":{"self":[{"href":"https:\/\/pestalozzidemaceio.org.br\/web\/wp-json\/wp\/v2\/pages\/848","targetHints":{"allow":["GET"]}}],"collection":[{"href":"https:\/\/pestalozzidemaceio.org.br\/web\/wp-json\/wp\/v2\/pages"}],"about":[{"href":"https:\/\/pestalozzidemaceio.org.br\/web\/wp-json\/wp\/v2\/types\/page"}],"author":[{"embeddable":true,"href":"https:\/\/pestalozzidemaceio.org.br\/web\/wp-json\/wp\/v2\/users\/3"}],"replies":[{"embeddable":true,"href":"https:\/\/pestalozzidemaceio.org.br\/web\/wp-json\/wp\/v2\/comments?post=848"}],"version-history":[{"count":7,"href":"https:\/\/pestalozzidemaceio.org.br\/web\/wp-json\/wp\/v2\/pages\/848\/revisions"}],"predecessor-version":[{"id":891,"href":"https:\/\/pestalozzidemaceio.org.br\/web\/wp-json\/wp\/v2\/pages\/848\/revisions\/891"}],"wp:attachment":[{"href":"https:\/\/pestalozzidemaceio.org.br\/web\/wp-json\/wp\/v2\/media?parent=848"}],"curies":[{"name":"wp","href":"https:\/\/api.w.org\/{rel}","templated":true}]}}