{"id":883,"date":"2024-12-11T17:21:45","date_gmt":"2024-12-11T20:21:45","guid":{"rendered":"https:\/\/pestalozzidemaceio.org.br\/web\/?page_id=883"},"modified":"2024-12-23T14:14:18","modified_gmt":"2024-12-23T17:14:18","slug":"2023-2","status":"publish","type":"page","link":"https:\/\/pestalozzidemaceio.org.br\/web\/2023-2\/","title":{"rendered":"Projetos 2023(Recursos de Emendas Parlamentares)"},"content":{"rendered":"\n<div style=\"height:50px\" aria-hidden=\"true\" class=\"wp-block-spacer\"><\/div>\n\n\n\n<p><strong>NOME DA OSC: <\/strong>ASSOCIACAO PESTALOZZI DE MACEIO<\/p>\n\n\n\n<p><strong>CNPJ: <\/strong>12.450.268\/0001-04<\/p>\n\n\n\n<ul class=\"wp-block-list\">\n<li>1 <strong>N\u00ba EMENDA: <\/strong>41740009<\/li>\n<\/ul>\n\n\n\n<p><strong>AUTORIA DA EMENDA: <\/strong>Tereza Nelma<strong><\/strong><\/p>\n\n\n\n<p><strong>VALOR TOTAL: <\/strong>R$ 393.815,03<\/p>\n\n\n\n<p><strong>VALOR LIBERADO: <\/strong>R$ 393.815,03<\/p>\n\n\n\n<p><strong>N\u00ba DO TERMO DE FOMENTO: <\/strong>941479\/2023<\/p>\n\n\n\n<p><strong>IDENTIFICA\u00c7\u00c3O DO \u00d3RG\u00c3O CONCEDENTE: <\/strong>MINISTERIO DO ESPORTE<strong><\/strong><\/p>\n\n\n\n<p><strong>DATA ASSINATURA DO TERMO DE FOMENTO: <\/strong>26\/12\/2023<\/p>\n\n\n\n<p><strong>OBJETO: <\/strong>Realiza\u00e7\u00e3o do II Torneio Paradesportivo do Movimento Pestalozziano de Alagoas.<\/p>\n\n\n\n<p><strong>O VALOR TOTAL DA REMUNERA\u00c7\u00c3O DA EQUIPE DE TRABALHO: <\/strong>N\u00c3O TEM<\/p>\n\n\n\n<p><strong>REMUNERA\u00c7\u00c3O PREVISTA PARA O RESPECTIVO EXERC\u00cdCIO: <\/strong>N\u00c3O TEM<\/p>\n\n\n\n<p><strong>&nbsp;AS FUN\u00c7\u00d5ES QUE SEUS INTEGRANTES DESEMPENHAM: <\/strong>N\u00c3O TEM<\/p>\n\n\n\n<p><strong>SITUA\u00c7\u00c3O DA PRESTA\u00c7\u00c3O DE CONTAS DA PARCERIA:<\/strong><\/p>\n\n\n\n<p><strong>DATA LIMITE P\/ PRESTA\u00c7\u00c3O CONTAS:<\/strong> 15\/05\/2025<\/p>\n\n\n\n<p><strong>DATA DA PRESTA\u00c7\u00c3O DE CONTAS ENVIADA: <\/strong>PROJETO EM EXECU\u00c7\u00c3O<strong>RESULTADO CONCLUSIVO: <\/strong>PROJETO EM EXECU\u00c7\u00c3O<\/p>\n\n\n\n<p><a href=\"https:\/\/pestalozzidemaceio.org.br\/web\/wp-content\/uploads\/2024\/12\/Termo-de-Fomento-no-941479-2023.pdf\">Termo-de-Fomento-no-941479-2023.pdf<\/a><\/p>\n\n\n\n<div style=\"height:100px\" aria-hidden=\"true\" class=\"wp-block-spacer\"><\/div>\n\n\n\n<p><strong>NOME DA OSC: <\/strong>ASSOCIACAO PESTALOZZI DE MACEIO<\/p>\n\n\n\n<p><strong>CNPJ: <\/strong>12.450.268\/0001-04<\/p>\n\n\n\n<ul class=\"wp-block-list\">\n<li>2 <strong>N\u00ba EMENDA: <\/strong>41740006<\/li>\n<\/ul>\n\n\n\n<p><strong>AUTORIA DA EMENDA: <\/strong>Tereza Nelma<strong><\/strong><\/p>\n\n\n\n<p><strong>VALOR TOTAL: <\/strong>R$ 300.000,00<\/p>\n\n\n\n<p><strong>VALOR LIBERADO: <\/strong>R$ 300.000,00<\/p>\n\n\n\n<p><strong>N\u00ba DO TERMO DE FOMENTO: <\/strong>945686\/2023<\/p>\n\n\n\n<p><strong>IDENTIFICA\u00c7\u00c3O DO \u00d3RG\u00c3O CONCEDENTE: <\/strong>MINISTERIO DOS DIREITOS HUMANOS E CIDADANIA<strong><\/strong><\/p>\n\n\n\n<p><strong>DATA ASSINATURA DO TERMO DE FOMENTO: <\/strong>06\/12\/2023<\/p>\n\n\n\n<p><strong>OBJETO: <\/strong>Capacita\u00e7\u00e3o sobre as tem\u00e1ticas de empreendedorismo social e desenvolvimento de novas habilidades e potencialidades para 150 pessoas idosas atendidas no Centro de Conviv\u00eancia da Pessoa Idosa Novo Despertar em Macei\u00f3, Alagoas.<\/p>\n\n\n\n<p><strong>O VALOR TOTAL DA REMUNERA\u00c7\u00c3O DA EQUIPE DE TRABALHO: <\/strong>R$ 133.538,67<\/p>\n\n\n\n<p><strong>REMUNERA\u00c7\u00c3O PREVISTA PARA O RESPECTIVO EXERC\u00cdCIO:<\/strong><\/p>\n\n\n\n<p>CONTRATA\u00c7\u00c3O DE ASSISTENTE ADMINISTRATIVO: 25.040,00<\/p>\n\n\n\n<p>CONTRATA\u00c7\u00c3O DE ASSISTENTE SOCIAL: 29.652,00<\/p>\n\n\n\n<p>CONTRATA\u00c7\u00c3O DE COORDENADOR(A) ADMINISTRATIVO: 78.846,67<\/p>\n\n\n\n<p><strong>&nbsp;AS FUN\u00c7\u00d5ES QUE SEUS INTEGRANTES DESEMPENHAM:<\/strong><\/p>\n\n\n\n<p>CONTRATA\u00c7\u00c3O DE ASSISTENTE ADMINISTRATIVO: YARA ROSANA DE OLIVEIRA ROCHA<\/p>\n\n\n\n<p>CONTRATA\u00c7\u00c3O DE ASSISTENTE SOCIAL: BIANCA CAROLINA DE OLIVEIRA VEIGA<\/p>\n\n\n\n<p>CONTRATA\u00c7\u00c3O DE COORDENADOR(A) ADMINISTRATIVO: SHEILA MARIA MENDES DA SILVA SANTANA<\/p>\n\n\n\n<p><strong>SITUA\u00c7\u00c3O DA PRESTA\u00c7\u00c3O DE CONTAS DA PARCERIA:<\/strong><\/p>\n\n\n\n<p><strong>DATA LIMITE P\/ PRESTA\u00c7\u00c3O CONTAS:<\/strong> 28\/01\/2025<\/p>\n\n\n\n<p><strong>DATA DA PRESTA\u00c7\u00c3O DE CONTAS ENVIADA: <\/strong>PROJETO EM EXECU\u00c7\u00c3O<\/p>\n\n\n\n<p><strong>RESULTADO CONCLUSIVO: <\/strong>PROJETO EM EXECU\u00c7\u00c3O<\/p>\n\n\n\n<p><a href=\"https:\/\/pestalozzidemaceio.org.br\/web\/wp-content\/uploads\/2024\/12\/Termo-de-Fomento-no-945686-2023.pdf\">Termo-de-Fomento-no-945686-2023.pdf<\/a><\/p>\n\n\n\n<div style=\"height:100px\" aria-hidden=\"true\" class=\"wp-block-spacer\"><\/div>\n\n\n\n<p><strong>NOME DA OSC: <\/strong>ASSOCIACAO PESTALOZZI DE MACEIO<\/p>\n\n\n\n<p><strong>CNPJ: <\/strong>12.450.268\/0001-04<\/p>\n\n\n\n<ul class=\"wp-block-list\">\n<li>3 <strong>N\u00ba EMENDA: <\/strong>41740011<\/li>\n<\/ul>\n\n\n\n<p><strong>AUTORIA DA EMENDA: <\/strong>Tereza Nelma<strong><\/strong><\/p>\n\n\n\n<p><strong>VALOR TOTAL: <\/strong>R$ 799.989,37<\/p>\n\n\n\n<p><strong>VALOR LIBERADO: <\/strong>AGUARDANDO<\/p>\n\n\n\n<p><strong>N\u00ba DO TERMO DE FOMENTO: <\/strong>954577\/2023<\/p>\n\n\n\n<p><strong>IDENTIFICA\u00c7\u00c3O DO \u00d3RG\u00c3O CONCEDENTE: <\/strong>FUNDO NACIONAL DE DESENVOLVIMENTO DA EDUCACAO<\/p>\n\n\n\n<p><strong>DATA ASSINATURA DO TERMO DE FOMENTO: <\/strong>29\/12\/2023<\/p>\n\n\n\n<p><strong>OBJETO: <\/strong>Realizar capacita\u00e7\u00e3o por meio da oferta de cursos pr\u00e9 &#8211; profissionalizante voltados para prepara\u00e7\u00e3o de jovens e adultos para o mercado de trabalho, bem como, realizar forma\u00e7\u00f5es continuadas para equipe multidisciplinar, conforme detalhado no plano de aplica\u00e7\u00e3o detalhado e termo de refer\u00eancia.<\/p>\n\n\n\n<p><strong>O VALOR TOTAL DA REMUNERA\u00c7\u00c3O DA EQUIPE DE TRABALHO: <\/strong>R$ 252.897,40<\/p>\n\n\n\n<p><strong>REMUNERA\u00c7\u00c3O PREVISTA PARA O RESPECTIVO EXERC\u00cdCIO:<\/strong><\/p>\n\n\n\n<p><strong>&nbsp;<\/strong>CONTRATA\u00c7\u00c3O DE 03 ASSISTENTES ADMINISTRATIVO: R$ 65.368,68<\/p>\n\n\n\n<p>CONTRATA\u00c7\u00c3O DE UM 01 PSIC\u00d3LOGO: R$ 22.076,00<\/p>\n\n\n\n<p>CONTRATA\u00c7\u00c3O DE 01 PEDAGOGO: R$ 24.820,36<\/p>\n\n\n\n<p>CONTRATA\u00c7\u00c3O DE 01 COORDENADOR ADMINISTRATIVO: R$ 46.200,00<\/p>\n\n\n\n<p>CONTRATA\u00c7\u00c3O DE 01 ASSISTENTE SOCIAL: R$ 26.980,00<\/p>\n\n\n\n<p><strong>AS FUN\u00c7\u00d5ES QUE SEUS INTEGRANTES DESEMPENHAM: <\/strong>AGUARDANDO RECURSO PARA CONTRATA\u00c7\u00c3O<\/p>\n\n\n\n<p><strong>SITUA\u00c7\u00c3O DA PRESTA\u00c7\u00c3O DE CONTAS DA PARCERIA:<\/strong><\/p>\n\n\n\n<p><strong>DATA LIMITE P\/ PRESTA\u00c7\u00c3O CONTAS:<\/strong> 27\/02\/2027<\/p>\n\n\n\n<p><strong>DATA DA PRESTA\u00c7\u00c3O DE CONTAS ENVIADA: <\/strong>AGUARDANDO RECURSO PARA EXECU\u00c7\u00c3O DO PROJETO<\/p>\n\n\n\n<p><strong>RESULTADO CONCLUSIVO: <\/strong>AGUARDANDO RECURSO PARA EXECU\u00c7\u00c3O DO PROJETO<\/p>\n\n\n\n<p><a href=\"https:\/\/pestalozzidemaceio.org.br\/web\/wp-content\/uploads\/2024\/12\/Termo-de-Fomento-no-954577-2023.pdf\">Termo-de-Fomento-no-954577-2023.pdf<\/a><\/p>\n\n\n\n<div style=\"height:100px\" aria-hidden=\"true\" class=\"wp-block-spacer\"><\/div>\n\n\n\n<p><strong>NOME DA OSC: <\/strong>ASSOCIACAO PESTALOZZI DE MACEIO<\/p>\n\n\n\n<p><strong>CNPJ: <\/strong>12.450.268\/0001-04<\/p>\n\n\n\n<ul class=\"wp-block-list\">\n<li>4 <strong>N\u00ba EMENDA: <\/strong>41740006<\/li>\n<\/ul>\n\n\n\n<p><strong>AUTORIA DA EMENDA: <\/strong>Tereza Nelma<strong><\/strong><\/p>\n\n\n\n<p><strong>VALOR TOTAL: <\/strong>R$ 400.000,00<\/p>\n\n\n\n<p><strong>VALOR LIBERADO: <\/strong>R$ 400.000,00<\/p>\n\n\n\n<p><strong>N\u00ba DO TERMO DE FOMENTO: <\/strong>949054\/2023<\/p>\n\n\n\n<p><strong>IDENTIFICA\u00c7\u00c3O DO \u00d3RG\u00c3O CONCEDENTE: <\/strong>MINIST\u00c9RIO DAS MULHERES<strong><\/strong><\/p>\n\n\n\n<p><strong>DATA ASSINATURA DO TERMO DE FOMENTO: <\/strong>19\/12\/2023<\/p>\n\n\n\n<p><strong>OBJETO: <\/strong>Ofertar cursos profissionalizantes para mulheres, residentes na cidade de Macei\u00f3\/AL<\/p>\n\n\n\n<p><strong>O VALOR TOTAL DA REMUNERA\u00c7\u00c3O DA EQUIPE DE TRABALHO: <\/strong>N\u00c3O TEM<\/p>\n\n\n\n<p><strong>REMUNERA\u00c7\u00c3O PREVISTA PARA O RESPECTIVO EXERC\u00cdCIO: <\/strong>N\u00c3O TEM<\/p>\n\n\n\n<p><strong>&nbsp;AS FUN\u00c7\u00d5ES QUE SEUS INTEGRANTES DESEMPENHAM: <\/strong>N\u00c3O TEM<\/p>\n\n\n\n<p><strong>SITUA\u00c7\u00c3O DA PRESTA\u00c7\u00c3O DE CONTAS DA PARCERIA:<\/strong><\/p>\n\n\n\n<p><strong>DATA LIMITE P\/ PRESTA\u00c7\u00c3O CONTAS:<\/strong> 02\/09\/2025<\/p>\n\n\n\n<p><strong>DATA DA PRESTA\u00c7\u00c3O DE CONTAS ENVIADA: <\/strong>PROJETO EM EXECU\u00c7\u00c3O<\/p>\n\n\n\n<p><strong>RESULTADO CONCLUSIVO: <\/strong>PROJETO EM EXECU\u00c7\u00c3O<\/p>\n\n\n\n<p><a href=\"https:\/\/pestalozzidemaceio.org.br\/web\/wp-content\/uploads\/2024\/12\/Termo-de-Fomento-no-949054-2023.pdf\">Termo-de-Fomento-no-949054-2023.pdf<\/a><\/p>\n\n\n\n<div style=\"height:100px\" aria-hidden=\"true\" class=\"wp-block-spacer\"><\/div>\n\n\n\n<p><strong>NOME DA OSC: <\/strong>ASSOCIACAO PESTALOZZI DE MACEIO<\/p>\n\n\n\n<p><strong>CNPJ: <\/strong>12.450.268\/0001-04<\/p>\n\n\n\n<ul class=\"wp-block-list\">\n<li>5 <strong>N\u00ba EMENDA: <\/strong>41740006<\/li>\n<\/ul>\n\n\n\n<p><strong>AUTORIA DA EMENDA: <\/strong>Tereza Nelma<strong><\/strong><\/p>\n\n\n\n<p><strong>VALOR TOTAL: <\/strong>R$ 720.001,50<\/p>\n\n\n\n<p><strong>VALOR LIBERADO: <\/strong>R$ 320.001,50<\/p>\n\n\n\n<p><strong>N\u00ba DO TERMO DE FOMENTO: <\/strong>954923\/2023<\/p>\n\n\n\n<p><strong>IDENTIFICA\u00c7\u00c3O DO \u00d3RG\u00c3O CONCEDENTE: <\/strong>MINISTERIO DOS DIREITOS HUMANOS E CIDADANIA<strong><\/strong><\/p>\n\n\n\n<p><strong>DATA ASSINATURA DO TERMO DE FOMENTO: <\/strong>30\/12\/2023<\/p>\n\n\n\n<p><strong>OBJETO: <\/strong>Ofertar cursos e palestras em Direitos Humanos e Pol\u00edticas P\u00fablicas a pessoas em situa\u00e7\u00e3o de vulnerabilidade social no munic\u00edpio de Macei\u00f3\/AL , por meio do projeto TECENDO FLORES.<\/p>\n\n\n\n<p><strong>O VALOR TOTAL DA REMUNERA\u00c7\u00c3O DA EQUIPE DE TRABALHO: <\/strong>R$ 166.140,00<\/p>\n\n\n\n<p><strong>REMUNERA\u00c7\u00c3O PREVISTA PARA O RESPECTIVO EXERC\u00cdCIO:<\/strong><\/p>\n\n\n\n<p>CONTRATA\u00c7\u00c3O DE PEDAGOGO: R$ 24.000,00<\/p>\n\n\n\n<p>CONTRATA\u00c7\u00c3O DE COORDENADOR ADMINISTRATIVO: R$ 60.000,00<\/p>\n\n\n\n<p>CONTRATA\u00c7\u00c3O DE 03 ASSISTENTES ADMINISTRATIVOS: R$ 57.600,00<\/p>\n\n\n\n<p>CONTRATA\u00c7\u00c3O DE ASSISTENTE SOCIAL: R$ 24.540,00<\/p>\n\n\n\n<p><strong>AS FUN\u00c7\u00d5ES QUE SEUS INTEGRANTES DESEMPENHAM: <\/strong>FASE DE CONTRATA\u00c7\u00c3O<\/p>\n\n\n\n<p><strong>SITUA\u00c7\u00c3O DA PRESTA\u00c7\u00c3O DE CONTAS DA PARCERIA:<\/strong><\/p>\n\n\n\n<p><strong>DATA LIMITE P\/ PRESTA\u00c7\u00c3O CONTAS:<\/strong> 14\/09\/2025<\/p>\n\n\n\n<p><strong>DATA DA PRESTA\u00c7\u00c3O DE CONTAS ENVIADA: <\/strong>PROJETO EM EXECU\u00c7\u00c3O<strong>RESULTADO CONCLUSIVO: <\/strong>PROJETO EM EXECU\u00c7\u00c3O<\/p>\n\n\n\n<p><a href=\"https:\/\/pestalozzidemaceio.org.br\/web\/wp-content\/uploads\/2024\/12\/Termo-de-Fomento-no-954923-2023.pdf\">Termo-de-Fomento-no-954923-2023.pdf<\/a><\/p>\n\n\n\n<div style=\"height:100px\" aria-hidden=\"true\" class=\"wp-block-spacer\"><\/div>\n\n\n\n<p><strong>NOME DA OSC: <\/strong>ASSOCIACAO PESTALOZZI DE MACEIO<\/p>\n\n\n\n<p><strong>CNPJ: <\/strong>12.450.268\/0001-04<\/p>\n\n\n\n<ul class=\"wp-block-list\">\n<li>6 <strong>N\u00ba EMENDA: <\/strong>71030009<\/li>\n<\/ul>\n\n\n\n<p><strong>AUTORIA DA EMENDA: <\/strong>Bancada de Alagoas<strong><\/strong><\/p>\n\n\n\n<p><strong>VALOR TOTAL: <\/strong>R$ 1.140.457,00<\/p>\n\n\n\n<p><strong>VALOR LIBERADO: <\/strong>R$ 1.140.457,00<\/p>\n\n\n\n<p><strong>N\u00ba DO TERMO DE FOMENTO: <\/strong>952233\/2023<\/p>\n\n\n\n<p><strong>IDENTIFICA\u00c7\u00c3O DO \u00d3RG\u00c3O CONCEDENTE: <\/strong>MINISTERIO DOS DIREITOS HUMANOS E CIDADANIA<\/p>\n\n\n\n<p><strong>DATA ASSINATURA DO TERMO DE FOMENTO: <\/strong>29\/12\/2023<\/p>\n\n\n\n<p><strong>OBJETO: <\/strong>Realiza\u00e7\u00e3o de cursos\/oficinas para as pessoas com defici\u00eancia e familiares, residentes na cidade de Macei\u00f3\/AL, possibilitando a amplia\u00e7\u00e3o de gera\u00e7\u00e3o de renda e a inser\u00e7\u00e3o no mercado de trabalho<strong>.<\/strong><\/p>\n\n\n\n<p><strong>O VALOR TOTAL DA REMUNERA\u00c7\u00c3O DA EQUIPE DE TRABALHO: <\/strong>R$ 107.885,46<\/p>\n\n\n\n<p><strong>REMUNERA\u00c7\u00c3O PREVISTA PARA O RESPECTIVO EXERC\u00cdCIO:<\/strong><\/p>\n\n\n\n<p>CONTRATA\u00c7\u00c3O DE 01 ASSISTENTE ADMINISTRATIVO: R$ 38.400,00<\/p>\n\n\n\n<p>CONTRATA\u00c7\u00c3O DE 01 ASSISTENTE SOCIAL: R$ 49.080,00<\/p>\n\n\n\n<p>CONTRATA\u00c7\u00c3O DE UM 01 COORDENADOR ADMINISTRATIVO: R$ 77.760,00<\/p>\n\n\n\n<p>CONTRATA\u00c7\u00c3O DE 01 PROFISSIONAL DE SERVI\u00c7OS GERAIS: R$ 34.104,00<\/p>\n\n\n\n<p>CONTRATA\u00c7\u00c3O DE 01 GERENTE DE F\u00c1BRICA: R$ 99.464,64<\/p>\n\n\n\n<p>CONTRATA\u00c7\u00c3O DE 01 PEDAGOGO: R$ 48.000,00<\/p>\n\n\n\n<p><strong>&nbsp;AS FUN\u00c7\u00d5ES QUE SEUS INTEGRANTES DESEMPENHAM:<\/strong><\/p>\n\n\n\n<p>CONTRATA\u00c7\u00c3O DE 01 ASSISTENTE ADMINISTRATIVO: THIAGO HENRIQUE GOMES DE SOUZA<\/p>\n\n\n\n<p>CONTRATA\u00c7\u00c3O DE 01 ASSISTENTE SOCIAL: EDEMERSON SALUSTIANO DA SILVA<\/p>\n\n\n\n<p>CONTRATA\u00c7\u00c3O DE UM 01 COORDENADOR ADMINISTRATIVO: ALDEMIR CONRADO DO NASCIMENTO<\/p>\n\n\n\n<p>CONTRATA\u00c7\u00c3O DE 01 PROFISSIONAL DE SERVI\u00c7OS GERAIS: MARIA MARIANA SILVA DOS SANTOS<\/p>\n\n\n\n<p>CONTRATA\u00c7\u00c3O DE 01 GERENTE DE F\u00c1BRICA: PEDRO MIGUEL PORTO MARCIAL SANTANA<\/p>\n\n\n\n<p>CONTRATA\u00c7\u00c3O DE 01 PEDAGOGO: WILMA BARBOSA DA SILVA<\/p>\n\n\n\n<p><strong>SITUA\u00c7\u00c3O DA PRESTA\u00c7\u00c3O DE CONTAS DA PARCERIA:<\/strong><\/p>\n\n\n\n<p><strong>DATA LIMITE P\/ PRESTA\u00c7\u00c3O CONTAS:<\/strong> 25\/06\/2026<\/p>\n\n\n\n<p><strong>DATA DA PRESTA\u00c7\u00c3O DE CONTAS ENVIADA: <\/strong>PROJETO EM EXECU\u00c7\u00c3O<\/p>\n\n\n\n<p><strong>RESULTADO CONCLUSIVO: <\/strong>PROJETO EM EXECU\u00c7\u00c3O<\/p>\n\n\n\n<p><a href=\"https:\/\/pestalozzidemaceio.org.br\/web\/wp-content\/uploads\/2024\/12\/Termo-de-Fomento-no-952233-2023.pdf\">Termo-de-Fomento-no-952233-2023.pdf<\/a><\/p>\n\n\n\n<p><\/p>\n","protected":false},"excerpt":{"rendered":"<p>NOME DA OSC: ASSOCIACAO PESTALOZZI DE MACEIO CNPJ: 12.450.268\/0001-04 AUTORIA DA EMENDA: Tereza Nelma VALOR TOTAL: R$ 393.815,03 VALOR LIBERADO: R$ 393.815,03 N\u00ba DO TERMO DE FOMENTO: 941479\/2023 IDENTIFICA\u00c7\u00c3O DO \u00d3RG\u00c3O CONCEDENTE: MINISTERIO DO ESPORTE DATA ASSINATURA DO TERMO DE FOMENTO: 26\/12\/2023 OBJETO: Realiza\u00e7\u00e3o do II Torneio Paradesportivo do Movimento Pestalozziano de Alagoas. O VALOR [&hellip;]<\/p>\n","protected":false},"author":3,"featured_media":0,"parent":0,"menu_order":0,"comment_status":"closed","ping_status":"closed","template":"","meta":{"footnotes":""},"class_list":["post-883","page","type-page","status-publish","hentry","entry"],"_links":{"self":[{"href":"https:\/\/pestalozzidemaceio.org.br\/web\/wp-json\/wp\/v2\/pages\/883","targetHints":{"allow":["GET"]}}],"collection":[{"href":"https:\/\/pestalozzidemaceio.org.br\/web\/wp-json\/wp\/v2\/pages"}],"about":[{"href":"https:\/\/pestalozzidemaceio.org.br\/web\/wp-json\/wp\/v2\/types\/page"}],"author":[{"embeddable":true,"href":"https:\/\/pestalozzidemaceio.org.br\/web\/wp-json\/wp\/v2\/users\/3"}],"replies":[{"embeddable":true,"href":"https:\/\/pestalozzidemaceio.org.br\/web\/wp-json\/wp\/v2\/comments?post=883"}],"version-history":[{"count":5,"href":"https:\/\/pestalozzidemaceio.org.br\/web\/wp-json\/wp\/v2\/pages\/883\/revisions"}],"predecessor-version":[{"id":973,"href":"https:\/\/pestalozzidemaceio.org.br\/web\/wp-json\/wp\/v2\/pages\/883\/revisions\/973"}],"wp:attachment":[{"href":"https:\/\/pestalozzidemaceio.org.br\/web\/wp-json\/wp\/v2\/media?parent=883"}],"curies":[{"name":"wp","href":"https:\/\/api.w.org\/{rel}","templated":true}]}}